{"id":39009,"date":"2023-10-25T14:23:05","date_gmt":"2023-10-25T12:23:05","guid":{"rendered":"https:\/\/lemoulindupivert.fr\/produit\/chesnut-shortbread-coatedwith-dark-chocolate\/"},"modified":"2024-05-21T17:57:30","modified_gmt":"2024-05-21T15:57:30","slug":"chesnut-shortbread-coatedwith-dark-chocolate","status":"publish","type":"product","link":"https:\/\/lemoulindupivert.fr\/en\/product\/chesnut-shortbread-coatedwith-dark-chocolate\/","title":{"rendered":"CHESNUT SHORTBREAD COATEDWITH DARK CHOCOLATE"},"content":{"rendered":"<p>The format of 5 sachets of 2 cookies means you can take them with you wherever you go. Whether for a gourmet break at the office, an outdoor getaway or simply to satisfy a sweet tooth.<\/p>\n<p>Choosing this cookie means :<br \/>\n<strong>Supporting regional agriculture<\/strong> : our organic wheat is grown in the Occitanie region (Southern France) and processed into flour by the family-own mill &#8220;Moulin de Montricoux&#8221;, 50 kms from our workshop.<\/p>\n<p>Choosing organic ingredients :<\/p>\n<ul>\n<li>Tasting biscuits <strong>free from palm oil<\/strong> and lecithin<\/li>\n<li>Favoring plant-based ingredients : <strong>this biscuit is vegan<\/strong> (suitable for people allergic to eggs and milk)<\/li>\n<\/ul>\n","protected":false},"excerpt":{"rendered":"<p>When you bite into these deliciously shortbread chestnut flour cookies, you&#8217;ll be instantly transported by the intensity of the dark chocolate coating. The fine, rustic taste of chestnuts combines perfectly with the slight bitterness of dark chocolate. The sweet taste of Autumn in an instant.<br \/>\nThese organic biscuits are made in customised &#8220;Le Moulin du Pivert&#8221; moulds, making them even more recognisable.<\/p>\n<p data-wp-editing=\"1\"><img loading=\"lazy\" decoding=\"async\" class=\" wd-lazy-fade alignnone wp-image-21322 size-full\" src=\"https:\/\/lemoulindupivert.fr\/wp-content\/themes\/woodmart\/images\/lazy.svg\" data-src=\"https:\/\/lemoulindupivert.fr\/wp-content\/uploads\/2023\/07\/AB-50x60-1.jpg\" alt=\"\" width=\"50\" height=\"60\" \/> \u00a0<img loading=\"lazy\" decoding=\"async\" class=\" wd-lazy-fade alignnone size-full wp-image-21373\" src=\"https:\/\/lemoulindupivert.fr\/wp-content\/themes\/woodmart\/images\/lazy.svg\" data-src=\"https:\/\/lemoulindupivert.fr\/wp-content\/uploads\/2023\/06\/Nutri-score-E-110X60.jpg\" alt=\"\" width=\"110\" height=\"60\" \/> \u00a0<img loading=\"lazy\" decoding=\"async\" class=\" wd-lazy-fade alignnone wp-image-21319 size-full\" src=\"https:\/\/lemoulindupivert.fr\/wp-content\/themes\/woodmart\/images\/lazy.svg\" data-src=\"https:\/\/lemoulindupivert.fr\/wp-content\/uploads\/2023\/07\/Vegan-75x60-1.jpg\" alt=\"\" width=\"75\" height=\"60\" \/> \u00a0<img loading=\"lazy\" decoding=\"async\" class=\" wd-lazy-fade alignnone wp-image-21346 size-full\" src=\"https:\/\/lemoulindupivert.fr\/wp-content\/themes\/woodmart\/images\/lazy.svg\" data-src=\"https:\/\/lemoulindupivert.fr\/wp-content\/uploads\/2023\/07\/Fabriquer-en-Aveyron-60X60-1.jpg\" alt=\"\" width=\"60\" height=\"60\" \/><\/p>\n<p><em>130g \/ 5 sachets of 2 cookies<\/em><\/p>\n","protected":false},"featured_media":38627,"template":"","meta":[],"product_brand":[],"product_cat":[152],"product_tag":[],"class_list":{"0":"post-39009","1":"product","2":"type-product","3":"status-publish","4":"has-post-thumbnail","6":"product_cat-delight","8":"first","9":"instock","10":"shipping-taxable","11":"product-type-simple"},"yoast_head":"<!-- This site is optimized with the Yoast SEO plugin v27.3 - https:\/\/yoast.com\/product\/yoast-seo-wordpress\/ -->\n<title>Sabl\u00e9s ch\u00e2taigne chocolat noir, de savoureux biscuits bio<\/title>\n<meta name=\"description\" content=\"Croquez les Sabl\u00e9s ch\u00e2taigne chocolat noir, biscuits bio aveyronnais by Le Moulin du Pivert, et retrouvez les saveurs sucr\u00e9es de l&#039;automne en un instant !\" \/>\n<meta name=\"robots\" content=\"index, follow, max-snippet:-1, max-image-preview:large, max-video-preview:-1\" \/>\n<link rel=\"canonical\" href=\"https:\/\/lemoulindupivert.fr\/en\/product\/chesnut-shortbread-coatedwith-dark-chocolate\/\" \/>\n<meta property=\"og:locale\" content=\"en_US\" \/>\n<meta property=\"og:type\" content=\"article\" \/>\n<meta property=\"og:title\" content=\"Sabl\u00e9s ch\u00e2taigne chocolat noir, de savoureux biscuits bio\" \/>\n<meta property=\"og:description\" content=\"Croquez les Sabl\u00e9s ch\u00e2taigne chocolat noir, biscuits bio aveyronnais by Le Moulin du Pivert, et retrouvez les saveurs sucr\u00e9es de l&#039;automne en un instant !\" \/>\n<meta property=\"og:url\" content=\"https:\/\/lemoulindupivert.fr\/en\/product\/chesnut-shortbread-coatedwith-dark-chocolate\/\" \/>\n<meta property=\"og:site_name\" content=\"Le Moulin du Pivert\" \/>\n<meta property=\"article:publisher\" content=\"https:\/\/www.facebook.com\/le.moulin.du.pivert\" \/>\n<meta property=\"article:modified_time\" content=\"2024-05-21T15:57:30+00:00\" \/>\n<meta property=\"og:image\" content=\"https:\/\/lemoulindupivert.fr\/wp-content\/uploads\/2023\/07\/PLAISIR-CHATAIGNE-nappe-chocolat-noir-Biscuits-bio-Le-Moulin-du-Pivert-biscuiterie-bio-francaise.jpg\" \/>\n\t<meta property=\"og:image:width\" content=\"1200\" \/>\n\t<meta property=\"og:image:height\" content=\"1200\" \/>\n\t<meta property=\"og:image:type\" content=\"image\/jpeg\" \/>\n<meta name=\"twitter:card\" content=\"summary_large_image\" \/>\n<meta name=\"twitter:label1\" content=\"Est. reading time\" \/>\n\t<meta name=\"twitter:data1\" content=\"1 minute\" \/>\n<script type=\"application\/ld+json\" class=\"yoast-schema-graph\">{\"@context\":\"https:\\\/\\\/schema.org\",\"@graph\":[{\"@type\":\"WebPage\",\"@id\":\"https:\\\/\\\/lemoulindupivert.fr\\\/en\\\/product\\\/chesnut-shortbread-coatedwith-dark-chocolate\\\/\",\"url\":\"https:\\\/\\\/lemoulindupivert.fr\\\/en\\\/product\\\/chesnut-shortbread-coatedwith-dark-chocolate\\\/\",\"name\":\"Sabl\u00e9s ch\u00e2taigne chocolat noir, de savoureux biscuits bio\",\"isPartOf\":{\"@id\":\"https:\\\/\\\/lemoulindupivert.fr\\\/en\\\/#website\"},\"primaryImageOfPage\":{\"@id\":\"https:\\\/\\\/lemoulindupivert.fr\\\/en\\\/product\\\/chesnut-shortbread-coatedwith-dark-chocolate\\\/#primaryimage\"},\"image\":{\"@id\":\"https:\\\/\\\/lemoulindupivert.fr\\\/en\\\/product\\\/chesnut-shortbread-coatedwith-dark-chocolate\\\/#primaryimage\"},\"thumbnailUrl\":\"https:\\\/\\\/lemoulindupivert.fr\\\/wp-content\\\/uploads\\\/2023\\\/07\\\/PLAISIR-CHATAIGNE-nappe-chocolat-noir-Biscuits-bio-Le-Moulin-du-Pivert-biscuiterie-bio-francaise.jpg\",\"datePublished\":\"2023-10-25T12:23:05+00:00\",\"dateModified\":\"2024-05-21T15:57:30+00:00\",\"description\":\"Croquez les Sabl\u00e9s ch\u00e2taigne chocolat noir, biscuits bio aveyronnais by Le Moulin du Pivert, et retrouvez les saveurs sucr\u00e9es de l'automne en un instant !\",\"breadcrumb\":{\"@id\":\"https:\\\/\\\/lemoulindupivert.fr\\\/en\\\/product\\\/chesnut-shortbread-coatedwith-dark-chocolate\\\/#breadcrumb\"},\"inLanguage\":\"en-US\",\"potentialAction\":[{\"@type\":\"ReadAction\",\"target\":[\"https:\\\/\\\/lemoulindupivert.fr\\\/en\\\/product\\\/chesnut-shortbread-coatedwith-dark-chocolate\\\/\"]}]},{\"@type\":\"ImageObject\",\"inLanguage\":\"en-US\",\"@id\":\"https:\\\/\\\/lemoulindupivert.fr\\\/en\\\/product\\\/chesnut-shortbread-coatedwith-dark-chocolate\\\/#primaryimage\",\"url\":\"https:\\\/\\\/lemoulindupivert.fr\\\/wp-content\\\/uploads\\\/2023\\\/07\\\/PLAISIR-CHATAIGNE-nappe-chocolat-noir-Biscuits-bio-Le-Moulin-du-Pivert-biscuiterie-bio-francaise.jpg\",\"contentUrl\":\"https:\\\/\\\/lemoulindupivert.fr\\\/wp-content\\\/uploads\\\/2023\\\/07\\\/PLAISIR-CHATAIGNE-nappe-chocolat-noir-Biscuits-bio-Le-Moulin-du-Pivert-biscuiterie-bio-francaise.jpg\",\"width\":1200,\"height\":1200},{\"@type\":\"BreadcrumbList\",\"@id\":\"https:\\\/\\\/lemoulindupivert.fr\\\/en\\\/product\\\/chesnut-shortbread-coatedwith-dark-chocolate\\\/#breadcrumb\",\"itemListElement\":[{\"@type\":\"ListItem\",\"position\":1,\"name\":\"Accueil\",\"item\":\"https:\\\/\\\/lemoulindupivert.fr\\\/en\\\/\"},{\"@type\":\"ListItem\",\"position\":2,\"name\":\"Shop\",\"item\":\"https:\\\/\\\/lemoulindupivert.fr\\\/en\\\/shop\\\/\"},{\"@type\":\"ListItem\",\"position\":3,\"name\":\"CHESNUT SHORTBREAD COATEDWITH DARK CHOCOLATE\"}]},{\"@type\":\"WebSite\",\"@id\":\"https:\\\/\\\/lemoulindupivert.fr\\\/en\\\/#website\",\"url\":\"https:\\\/\\\/lemoulindupivert.fr\\\/en\\\/\",\"name\":\"Le Moulin du Pivert\",\"description\":\"\",\"publisher\":{\"@id\":\"https:\\\/\\\/lemoulindupivert.fr\\\/en\\\/#organization\"},\"potentialAction\":[{\"@type\":\"SearchAction\",\"target\":{\"@type\":\"EntryPoint\",\"urlTemplate\":\"https:\\\/\\\/lemoulindupivert.fr\\\/en\\\/?s={search_term_string}\"},\"query-input\":{\"@type\":\"PropertyValueSpecification\",\"valueRequired\":true,\"valueName\":\"search_term_string\"}}],\"inLanguage\":\"en-US\"},{\"@type\":\"Organization\",\"@id\":\"https:\\\/\\\/lemoulindupivert.fr\\\/en\\\/#organization\",\"name\":\"Le Moulin du Pivert\",\"url\":\"https:\\\/\\\/lemoulindupivert.fr\\\/en\\\/\",\"logo\":{\"@type\":\"ImageObject\",\"inLanguage\":\"en-US\",\"@id\":\"https:\\\/\\\/lemoulindupivert.fr\\\/en\\\/#\\\/schema\\\/logo\\\/image\\\/\",\"url\":\"https:\\\/\\\/lemoulindupivert.fr\\\/wp-content\\\/uploads\\\/2023\\\/06\\\/LOGO-Page-Accueil-3.jpg\",\"contentUrl\":\"https:\\\/\\\/lemoulindupivert.fr\\\/wp-content\\\/uploads\\\/2023\\\/06\\\/LOGO-Page-Accueil-3.jpg\",\"width\":150,\"height\":130,\"caption\":\"Le Moulin du Pivert\"},\"image\":{\"@id\":\"https:\\\/\\\/lemoulindupivert.fr\\\/en\\\/#\\\/schema\\\/logo\\\/image\\\/\"},\"sameAs\":[\"https:\\\/\\\/www.facebook.com\\\/le.moulin.du.pivert\",\"https:\\\/\\\/www.instagram.com\\\/lemoulindupivert\\\/\"]}]}<\/script>\n<!-- \/ Yoast SEO plugin. -->","yoast_head_json":{"title":"Sabl\u00e9s ch\u00e2taigne chocolat noir, de savoureux biscuits bio","description":"Croquez les Sabl\u00e9s ch\u00e2taigne chocolat noir, biscuits bio aveyronnais by Le Moulin du Pivert, et retrouvez les saveurs sucr\u00e9es de l'automne en un instant !","robots":{"index":"index","follow":"follow","max-snippet":"max-snippet:-1","max-image-preview":"max-image-preview:large","max-video-preview":"max-video-preview:-1"},"canonical":"https:\/\/lemoulindupivert.fr\/en\/product\/chesnut-shortbread-coatedwith-dark-chocolate\/","og_locale":"en_US","og_type":"article","og_title":"Sabl\u00e9s ch\u00e2taigne chocolat noir, de savoureux biscuits bio","og_description":"Croquez les Sabl\u00e9s ch\u00e2taigne chocolat noir, biscuits bio aveyronnais by Le Moulin du Pivert, et retrouvez les saveurs sucr\u00e9es de l'automne en un instant !","og_url":"https:\/\/lemoulindupivert.fr\/en\/product\/chesnut-shortbread-coatedwith-dark-chocolate\/","og_site_name":"Le Moulin du Pivert","article_publisher":"https:\/\/www.facebook.com\/le.moulin.du.pivert","article_modified_time":"2024-05-21T15:57:30+00:00","og_image":[{"width":1200,"height":1200,"url":"https:\/\/lemoulindupivert.fr\/wp-content\/uploads\/2023\/07\/PLAISIR-CHATAIGNE-nappe-chocolat-noir-Biscuits-bio-Le-Moulin-du-Pivert-biscuiterie-bio-francaise.jpg","type":"image\/jpeg"}],"twitter_card":"summary_large_image","twitter_misc":{"Est. reading time":"1 minute"},"schema":{"@context":"https:\/\/schema.org","@graph":[{"@type":"WebPage","@id":"https:\/\/lemoulindupivert.fr\/en\/product\/chesnut-shortbread-coatedwith-dark-chocolate\/","url":"https:\/\/lemoulindupivert.fr\/en\/product\/chesnut-shortbread-coatedwith-dark-chocolate\/","name":"Sabl\u00e9s ch\u00e2taigne chocolat noir, de savoureux biscuits bio","isPartOf":{"@id":"https:\/\/lemoulindupivert.fr\/en\/#website"},"primaryImageOfPage":{"@id":"https:\/\/lemoulindupivert.fr\/en\/product\/chesnut-shortbread-coatedwith-dark-chocolate\/#primaryimage"},"image":{"@id":"https:\/\/lemoulindupivert.fr\/en\/product\/chesnut-shortbread-coatedwith-dark-chocolate\/#primaryimage"},"thumbnailUrl":"https:\/\/lemoulindupivert.fr\/wp-content\/uploads\/2023\/07\/PLAISIR-CHATAIGNE-nappe-chocolat-noir-Biscuits-bio-Le-Moulin-du-Pivert-biscuiterie-bio-francaise.jpg","datePublished":"2023-10-25T12:23:05+00:00","dateModified":"2024-05-21T15:57:30+00:00","description":"Croquez les Sabl\u00e9s ch\u00e2taigne chocolat noir, biscuits bio aveyronnais by Le Moulin du Pivert, et retrouvez les saveurs sucr\u00e9es de l'automne en un instant !","breadcrumb":{"@id":"https:\/\/lemoulindupivert.fr\/en\/product\/chesnut-shortbread-coatedwith-dark-chocolate\/#breadcrumb"},"inLanguage":"en-US","potentialAction":[{"@type":"ReadAction","target":["https:\/\/lemoulindupivert.fr\/en\/product\/chesnut-shortbread-coatedwith-dark-chocolate\/"]}]},{"@type":"ImageObject","inLanguage":"en-US","@id":"https:\/\/lemoulindupivert.fr\/en\/product\/chesnut-shortbread-coatedwith-dark-chocolate\/#primaryimage","url":"https:\/\/lemoulindupivert.fr\/wp-content\/uploads\/2023\/07\/PLAISIR-CHATAIGNE-nappe-chocolat-noir-Biscuits-bio-Le-Moulin-du-Pivert-biscuiterie-bio-francaise.jpg","contentUrl":"https:\/\/lemoulindupivert.fr\/wp-content\/uploads\/2023\/07\/PLAISIR-CHATAIGNE-nappe-chocolat-noir-Biscuits-bio-Le-Moulin-du-Pivert-biscuiterie-bio-francaise.jpg","width":1200,"height":1200},{"@type":"BreadcrumbList","@id":"https:\/\/lemoulindupivert.fr\/en\/product\/chesnut-shortbread-coatedwith-dark-chocolate\/#breadcrumb","itemListElement":[{"@type":"ListItem","position":1,"name":"Accueil","item":"https:\/\/lemoulindupivert.fr\/en\/"},{"@type":"ListItem","position":2,"name":"Shop","item":"https:\/\/lemoulindupivert.fr\/en\/shop\/"},{"@type":"ListItem","position":3,"name":"CHESNUT SHORTBREAD COATEDWITH DARK CHOCOLATE"}]},{"@type":"WebSite","@id":"https:\/\/lemoulindupivert.fr\/en\/#website","url":"https:\/\/lemoulindupivert.fr\/en\/","name":"Le Moulin du Pivert","description":"","publisher":{"@id":"https:\/\/lemoulindupivert.fr\/en\/#organization"},"potentialAction":[{"@type":"SearchAction","target":{"@type":"EntryPoint","urlTemplate":"https:\/\/lemoulindupivert.fr\/en\/?s={search_term_string}"},"query-input":{"@type":"PropertyValueSpecification","valueRequired":true,"valueName":"search_term_string"}}],"inLanguage":"en-US"},{"@type":"Organization","@id":"https:\/\/lemoulindupivert.fr\/en\/#organization","name":"Le Moulin du Pivert","url":"https:\/\/lemoulindupivert.fr\/en\/","logo":{"@type":"ImageObject","inLanguage":"en-US","@id":"https:\/\/lemoulindupivert.fr\/en\/#\/schema\/logo\/image\/","url":"https:\/\/lemoulindupivert.fr\/wp-content\/uploads\/2023\/06\/LOGO-Page-Accueil-3.jpg","contentUrl":"https:\/\/lemoulindupivert.fr\/wp-content\/uploads\/2023\/06\/LOGO-Page-Accueil-3.jpg","width":150,"height":130,"caption":"Le Moulin du Pivert"},"image":{"@id":"https:\/\/lemoulindupivert.fr\/en\/#\/schema\/logo\/image\/"},"sameAs":["https:\/\/www.facebook.com\/le.moulin.du.pivert","https:\/\/www.instagram.com\/lemoulindupivert\/"]}]}},"_links":{"self":[{"href":"https:\/\/lemoulindupivert.fr\/en\/wp-json\/wp\/v2\/product\/39009","targetHints":{"allow":["GET"]}}],"collection":[{"href":"https:\/\/lemoulindupivert.fr\/en\/wp-json\/wp\/v2\/product"}],"about":[{"href":"https:\/\/lemoulindupivert.fr\/en\/wp-json\/wp\/v2\/types\/product"}],"wp:featuredmedia":[{"embeddable":true,"href":"https:\/\/lemoulindupivert.fr\/en\/wp-json\/wp\/v2\/media\/38627"}],"wp:attachment":[{"href":"https:\/\/lemoulindupivert.fr\/en\/wp-json\/wp\/v2\/media?parent=39009"}],"wp:term":[{"taxonomy":"product_brand","embeddable":true,"href":"https:\/\/lemoulindupivert.fr\/en\/wp-json\/wp\/v2\/product_brand?post=39009"},{"taxonomy":"product_cat","embeddable":true,"href":"https:\/\/lemoulindupivert.fr\/en\/wp-json\/wp\/v2\/product_cat?post=39009"},{"taxonomy":"product_tag","embeddable":true,"href":"https:\/\/lemoulindupivert.fr\/en\/wp-json\/wp\/v2\/product_tag?post=39009"}],"curies":[{"name":"wp","href":"https:\/\/api.w.org\/{rel}","templated":true}]}}