{"id":39008,"date":"2023-10-25T14:16:45","date_gmt":"2023-10-25T12:16:45","guid":{"rendered":"https:\/\/lemoulindupivert.fr\/produit\/7-cereal-and-grain-toasted-bread\/"},"modified":"2024-05-21T17:52:29","modified_gmt":"2024-05-21T15:52:29","slug":"7-cereal-and-grain-toasted-bread","status":"publish","type":"product","link":"https:\/\/lemoulindupivert.fr\/en\/product\/7-cereal-and-grain-toasted-bread\/","title":{"rendered":"7 CEREAL AND GRAIN TOASTED BREAD"},"content":{"rendered":"<p>The cereal and seed toasted bread is perfect for both savory and sweet breakfasts. If you&#8217;re more of a &#8220;sweet&#8221; team, you can spread jam, honey or even compote on the toast to satisfy your sweet tooth. For a savoury brunch, spread homemade rillettes made from cream cheese, tuna, chives, lemon zest and a pinch of pepper.<\/p>\n<p>Choosing these toasted breads means :<br \/>\n<strong>Supporting French agriculture <\/strong>: the wheat is grown and processed in France.<\/p>\n<p>Choosing organic ingredients :<br \/>\nTasting toast made<strong> without palm oil<\/strong><\/p>\n","protected":false},"excerpt":{"rendered":"<p>Wheat, buckwheat, sesame, rye, flax, barley and millet&#8230;To get your day off to a good start, these organic toast breads are filled with 7 fiber-rich cereals and seeds. They&#8217;ve been carefully selected to bring you crunch, satiety and, of course, energy throughout the day ! These toasted bread are also low in sugar.<\/p>\n<p data-wp-editing=\"1\">\u00a0 \u00a0<img loading=\"lazy\" decoding=\"async\" class=\" wd-lazy-fade alignnone wp-image-21322 size-full\" src=\"https:\/\/lemoulindupivert.fr\/wp-content\/themes\/woodmart\/images\/lazy.svg\" data-src=\"https:\/\/lemoulindupivert.fr\/wp-content\/uploads\/2023\/07\/AB-50x60-1.jpg\" alt=\"\" width=\"50\" height=\"60\" \/> \u00a0<img loading=\"lazy\" decoding=\"async\" class=\" wd-lazy-fade alignnone wp-image-21371 size-full\" src=\"https:\/\/lemoulindupivert.fr\/wp-content\/themes\/woodmart\/images\/lazy.svg\" data-src=\"https:\/\/lemoulindupivert.fr\/wp-content\/uploads\/2023\/06\/Nutri-score-C-110X60.jpg\" alt=\"\" width=\"110\" height=\"60\" \/> \u00a0\u00a0<img loading=\"lazy\" decoding=\"async\" class=\" wd-lazy-fade alignnone wp-image-21319 size-full\" src=\"https:\/\/lemoulindupivert.fr\/wp-content\/themes\/woodmart\/images\/lazy.svg\" data-src=\"https:\/\/lemoulindupivert.fr\/wp-content\/uploads\/2023\/07\/Vegan-75x60-1.jpg\" alt=\"\" width=\"75\" height=\"60\" \/><\/p>\n<p><em>225g\u00a0<\/em><\/p>\n","protected":false},"featured_media":38625,"template":"","meta":[],"product_brand":[],"product_cat":[143],"product_tag":[],"class_list":{"0":"post-39008","1":"product","2":"type-product","3":"status-publish","4":"has-post-thumbnail","6":"product_cat-toasted-breads","8":"first","9":"instock","10":"shipping-taxable","11":"product-type-simple"},"yoast_head":"<!-- This site is optimized with the Yoast SEO plugin v27.3 - https:\/\/yoast.com\/product\/yoast-seo-wordpress\/ -->\n<title>Les Petits pains grill\u00e9s bio 7 c\u00e9r\u00e9ales et graines<\/title>\n<meta name=\"description\" content=\"Les Petits pains grill\u00e9s bio 7 c\u00e9r\u00e9ales et graines sont croquants et source de fibres, pour le meilleur petit-d\u00e9jeuner possible.\" \/>\n<meta name=\"robots\" content=\"index, follow, max-snippet:-1, max-image-preview:large, max-video-preview:-1\" \/>\n<link rel=\"canonical\" href=\"https:\/\/lemoulindupivert.fr\/en\/product\/7-cereal-and-grain-toasted-bread\/\" \/>\n<meta property=\"og:locale\" content=\"en_US\" \/>\n<meta property=\"og:type\" content=\"article\" \/>\n<meta property=\"og:title\" content=\"Les Petits pains grill\u00e9s bio 7 c\u00e9r\u00e9ales et graines\" \/>\n<meta property=\"og:description\" content=\"Les Petits pains grill\u00e9s bio 7 c\u00e9r\u00e9ales et graines sont croquants et source de fibres, pour le meilleur petit-d\u00e9jeuner possible.\" \/>\n<meta property=\"og:url\" content=\"https:\/\/lemoulindupivert.fr\/en\/product\/7-cereal-and-grain-toasted-bread\/\" \/>\n<meta property=\"og:site_name\" content=\"Le Moulin du Pivert\" \/>\n<meta property=\"article:publisher\" content=\"https:\/\/www.facebook.com\/le.moulin.du.pivert\" \/>\n<meta property=\"article:modified_time\" content=\"2024-05-21T15:52:29+00:00\" \/>\n<meta property=\"og:image\" content=\"https:\/\/lemoulindupivert.fr\/wp-content\/uploads\/2023\/07\/Petits-pains-grilles-7-Cereales-et-graines-pain-grille-bio-Le-Moulin-du-Pivert-biscuiterie-bio-francaise.jpg\" \/>\n\t<meta property=\"og:image:width\" content=\"1200\" \/>\n\t<meta property=\"og:image:height\" content=\"1200\" \/>\n\t<meta property=\"og:image:type\" content=\"image\/jpeg\" \/>\n<meta name=\"twitter:card\" content=\"summary_large_image\" \/>\n<meta name=\"twitter:label1\" content=\"Est. reading time\" \/>\n\t<meta name=\"twitter:data1\" content=\"1 minute\" \/>\n<script type=\"application\/ld+json\" class=\"yoast-schema-graph\">{\"@context\":\"https:\\\/\\\/schema.org\",\"@graph\":[{\"@type\":\"WebPage\",\"@id\":\"https:\\\/\\\/lemoulindupivert.fr\\\/en\\\/product\\\/7-cereal-and-grain-toasted-bread\\\/\",\"url\":\"https:\\\/\\\/lemoulindupivert.fr\\\/en\\\/product\\\/7-cereal-and-grain-toasted-bread\\\/\",\"name\":\"Les Petits pains grill\u00e9s bio 7 c\u00e9r\u00e9ales et graines\",\"isPartOf\":{\"@id\":\"https:\\\/\\\/lemoulindupivert.fr\\\/en\\\/#website\"},\"primaryImageOfPage\":{\"@id\":\"https:\\\/\\\/lemoulindupivert.fr\\\/en\\\/product\\\/7-cereal-and-grain-toasted-bread\\\/#primaryimage\"},\"image\":{\"@id\":\"https:\\\/\\\/lemoulindupivert.fr\\\/en\\\/product\\\/7-cereal-and-grain-toasted-bread\\\/#primaryimage\"},\"thumbnailUrl\":\"https:\\\/\\\/lemoulindupivert.fr\\\/wp-content\\\/uploads\\\/2023\\\/07\\\/Petits-pains-grilles-7-Cereales-et-graines-pain-grille-bio-Le-Moulin-du-Pivert-biscuiterie-bio-francaise.jpg\",\"datePublished\":\"2023-10-25T12:16:45+00:00\",\"dateModified\":\"2024-05-21T15:52:29+00:00\",\"description\":\"Les Petits pains grill\u00e9s bio 7 c\u00e9r\u00e9ales et graines sont croquants et source de fibres, pour le meilleur petit-d\u00e9jeuner possible.\",\"breadcrumb\":{\"@id\":\"https:\\\/\\\/lemoulindupivert.fr\\\/en\\\/product\\\/7-cereal-and-grain-toasted-bread\\\/#breadcrumb\"},\"inLanguage\":\"en-US\",\"potentialAction\":[{\"@type\":\"ReadAction\",\"target\":[\"https:\\\/\\\/lemoulindupivert.fr\\\/en\\\/product\\\/7-cereal-and-grain-toasted-bread\\\/\"]}]},{\"@type\":\"ImageObject\",\"inLanguage\":\"en-US\",\"@id\":\"https:\\\/\\\/lemoulindupivert.fr\\\/en\\\/product\\\/7-cereal-and-grain-toasted-bread\\\/#primaryimage\",\"url\":\"https:\\\/\\\/lemoulindupivert.fr\\\/wp-content\\\/uploads\\\/2023\\\/07\\\/Petits-pains-grilles-7-Cereales-et-graines-pain-grille-bio-Le-Moulin-du-Pivert-biscuiterie-bio-francaise.jpg\",\"contentUrl\":\"https:\\\/\\\/lemoulindupivert.fr\\\/wp-content\\\/uploads\\\/2023\\\/07\\\/Petits-pains-grilles-7-Cereales-et-graines-pain-grille-bio-Le-Moulin-du-Pivert-biscuiterie-bio-francaise.jpg\",\"width\":1200,\"height\":1200},{\"@type\":\"BreadcrumbList\",\"@id\":\"https:\\\/\\\/lemoulindupivert.fr\\\/en\\\/product\\\/7-cereal-and-grain-toasted-bread\\\/#breadcrumb\",\"itemListElement\":[{\"@type\":\"ListItem\",\"position\":1,\"name\":\"Accueil\",\"item\":\"https:\\\/\\\/lemoulindupivert.fr\\\/en\\\/\"},{\"@type\":\"ListItem\",\"position\":2,\"name\":\"Shop\",\"item\":\"https:\\\/\\\/lemoulindupivert.fr\\\/en\\\/shop\\\/\"},{\"@type\":\"ListItem\",\"position\":3,\"name\":\"7 CEREAL AND GRAIN TOASTED BREAD\"}]},{\"@type\":\"WebSite\",\"@id\":\"https:\\\/\\\/lemoulindupivert.fr\\\/en\\\/#website\",\"url\":\"https:\\\/\\\/lemoulindupivert.fr\\\/en\\\/\",\"name\":\"Le Moulin du Pivert\",\"description\":\"\",\"publisher\":{\"@id\":\"https:\\\/\\\/lemoulindupivert.fr\\\/en\\\/#organization\"},\"potentialAction\":[{\"@type\":\"SearchAction\",\"target\":{\"@type\":\"EntryPoint\",\"urlTemplate\":\"https:\\\/\\\/lemoulindupivert.fr\\\/en\\\/?s={search_term_string}\"},\"query-input\":{\"@type\":\"PropertyValueSpecification\",\"valueRequired\":true,\"valueName\":\"search_term_string\"}}],\"inLanguage\":\"en-US\"},{\"@type\":\"Organization\",\"@id\":\"https:\\\/\\\/lemoulindupivert.fr\\\/en\\\/#organization\",\"name\":\"Le Moulin du Pivert\",\"url\":\"https:\\\/\\\/lemoulindupivert.fr\\\/en\\\/\",\"logo\":{\"@type\":\"ImageObject\",\"inLanguage\":\"en-US\",\"@id\":\"https:\\\/\\\/lemoulindupivert.fr\\\/en\\\/#\\\/schema\\\/logo\\\/image\\\/\",\"url\":\"https:\\\/\\\/lemoulindupivert.fr\\\/wp-content\\\/uploads\\\/2023\\\/06\\\/LOGO-Page-Accueil-3.jpg\",\"contentUrl\":\"https:\\\/\\\/lemoulindupivert.fr\\\/wp-content\\\/uploads\\\/2023\\\/06\\\/LOGO-Page-Accueil-3.jpg\",\"width\":150,\"height\":130,\"caption\":\"Le Moulin du Pivert\"},\"image\":{\"@id\":\"https:\\\/\\\/lemoulindupivert.fr\\\/en\\\/#\\\/schema\\\/logo\\\/image\\\/\"},\"sameAs\":[\"https:\\\/\\\/www.facebook.com\\\/le.moulin.du.pivert\",\"https:\\\/\\\/www.instagram.com\\\/lemoulindupivert\\\/\"]}]}<\/script>\n<!-- \/ Yoast SEO plugin. -->","yoast_head_json":{"title":"Les Petits pains grill\u00e9s bio 7 c\u00e9r\u00e9ales et graines","description":"Les Petits pains grill\u00e9s bio 7 c\u00e9r\u00e9ales et graines sont croquants et source de fibres, pour le meilleur petit-d\u00e9jeuner possible.","robots":{"index":"index","follow":"follow","max-snippet":"max-snippet:-1","max-image-preview":"max-image-preview:large","max-video-preview":"max-video-preview:-1"},"canonical":"https:\/\/lemoulindupivert.fr\/en\/product\/7-cereal-and-grain-toasted-bread\/","og_locale":"en_US","og_type":"article","og_title":"Les Petits pains grill\u00e9s bio 7 c\u00e9r\u00e9ales et graines","og_description":"Les Petits pains grill\u00e9s bio 7 c\u00e9r\u00e9ales et graines sont croquants et source de fibres, pour le meilleur petit-d\u00e9jeuner possible.","og_url":"https:\/\/lemoulindupivert.fr\/en\/product\/7-cereal-and-grain-toasted-bread\/","og_site_name":"Le Moulin du Pivert","article_publisher":"https:\/\/www.facebook.com\/le.moulin.du.pivert","article_modified_time":"2024-05-21T15:52:29+00:00","og_image":[{"width":1200,"height":1200,"url":"https:\/\/lemoulindupivert.fr\/wp-content\/uploads\/2023\/07\/Petits-pains-grilles-7-Cereales-et-graines-pain-grille-bio-Le-Moulin-du-Pivert-biscuiterie-bio-francaise.jpg","type":"image\/jpeg"}],"twitter_card":"summary_large_image","twitter_misc":{"Est. reading time":"1 minute"},"schema":{"@context":"https:\/\/schema.org","@graph":[{"@type":"WebPage","@id":"https:\/\/lemoulindupivert.fr\/en\/product\/7-cereal-and-grain-toasted-bread\/","url":"https:\/\/lemoulindupivert.fr\/en\/product\/7-cereal-and-grain-toasted-bread\/","name":"Les Petits pains grill\u00e9s bio 7 c\u00e9r\u00e9ales et graines","isPartOf":{"@id":"https:\/\/lemoulindupivert.fr\/en\/#website"},"primaryImageOfPage":{"@id":"https:\/\/lemoulindupivert.fr\/en\/product\/7-cereal-and-grain-toasted-bread\/#primaryimage"},"image":{"@id":"https:\/\/lemoulindupivert.fr\/en\/product\/7-cereal-and-grain-toasted-bread\/#primaryimage"},"thumbnailUrl":"https:\/\/lemoulindupivert.fr\/wp-content\/uploads\/2023\/07\/Petits-pains-grilles-7-Cereales-et-graines-pain-grille-bio-Le-Moulin-du-Pivert-biscuiterie-bio-francaise.jpg","datePublished":"2023-10-25T12:16:45+00:00","dateModified":"2024-05-21T15:52:29+00:00","description":"Les Petits pains grill\u00e9s bio 7 c\u00e9r\u00e9ales et graines sont croquants et source de fibres, pour le meilleur petit-d\u00e9jeuner possible.","breadcrumb":{"@id":"https:\/\/lemoulindupivert.fr\/en\/product\/7-cereal-and-grain-toasted-bread\/#breadcrumb"},"inLanguage":"en-US","potentialAction":[{"@type":"ReadAction","target":["https:\/\/lemoulindupivert.fr\/en\/product\/7-cereal-and-grain-toasted-bread\/"]}]},{"@type":"ImageObject","inLanguage":"en-US","@id":"https:\/\/lemoulindupivert.fr\/en\/product\/7-cereal-and-grain-toasted-bread\/#primaryimage","url":"https:\/\/lemoulindupivert.fr\/wp-content\/uploads\/2023\/07\/Petits-pains-grilles-7-Cereales-et-graines-pain-grille-bio-Le-Moulin-du-Pivert-biscuiterie-bio-francaise.jpg","contentUrl":"https:\/\/lemoulindupivert.fr\/wp-content\/uploads\/2023\/07\/Petits-pains-grilles-7-Cereales-et-graines-pain-grille-bio-Le-Moulin-du-Pivert-biscuiterie-bio-francaise.jpg","width":1200,"height":1200},{"@type":"BreadcrumbList","@id":"https:\/\/lemoulindupivert.fr\/en\/product\/7-cereal-and-grain-toasted-bread\/#breadcrumb","itemListElement":[{"@type":"ListItem","position":1,"name":"Accueil","item":"https:\/\/lemoulindupivert.fr\/en\/"},{"@type":"ListItem","position":2,"name":"Shop","item":"https:\/\/lemoulindupivert.fr\/en\/shop\/"},{"@type":"ListItem","position":3,"name":"7 CEREAL AND GRAIN TOASTED BREAD"}]},{"@type":"WebSite","@id":"https:\/\/lemoulindupivert.fr\/en\/#website","url":"https:\/\/lemoulindupivert.fr\/en\/","name":"Le Moulin du Pivert","description":"","publisher":{"@id":"https:\/\/lemoulindupivert.fr\/en\/#organization"},"potentialAction":[{"@type":"SearchAction","target":{"@type":"EntryPoint","urlTemplate":"https:\/\/lemoulindupivert.fr\/en\/?s={search_term_string}"},"query-input":{"@type":"PropertyValueSpecification","valueRequired":true,"valueName":"search_term_string"}}],"inLanguage":"en-US"},{"@type":"Organization","@id":"https:\/\/lemoulindupivert.fr\/en\/#organization","name":"Le Moulin du Pivert","url":"https:\/\/lemoulindupivert.fr\/en\/","logo":{"@type":"ImageObject","inLanguage":"en-US","@id":"https:\/\/lemoulindupivert.fr\/en\/#\/schema\/logo\/image\/","url":"https:\/\/lemoulindupivert.fr\/wp-content\/uploads\/2023\/06\/LOGO-Page-Accueil-3.jpg","contentUrl":"https:\/\/lemoulindupivert.fr\/wp-content\/uploads\/2023\/06\/LOGO-Page-Accueil-3.jpg","width":150,"height":130,"caption":"Le Moulin du Pivert"},"image":{"@id":"https:\/\/lemoulindupivert.fr\/en\/#\/schema\/logo\/image\/"},"sameAs":["https:\/\/www.facebook.com\/le.moulin.du.pivert","https:\/\/www.instagram.com\/lemoulindupivert\/"]}]}},"_links":{"self":[{"href":"https:\/\/lemoulindupivert.fr\/en\/wp-json\/wp\/v2\/product\/39008","targetHints":{"allow":["GET"]}}],"collection":[{"href":"https:\/\/lemoulindupivert.fr\/en\/wp-json\/wp\/v2\/product"}],"about":[{"href":"https:\/\/lemoulindupivert.fr\/en\/wp-json\/wp\/v2\/types\/product"}],"wp:featuredmedia":[{"embeddable":true,"href":"https:\/\/lemoulindupivert.fr\/en\/wp-json\/wp\/v2\/media\/38625"}],"wp:attachment":[{"href":"https:\/\/lemoulindupivert.fr\/en\/wp-json\/wp\/v2\/media?parent=39008"}],"wp:term":[{"taxonomy":"product_brand","embeddable":true,"href":"https:\/\/lemoulindupivert.fr\/en\/wp-json\/wp\/v2\/product_brand?post=39008"},{"taxonomy":"product_cat","embeddable":true,"href":"https:\/\/lemoulindupivert.fr\/en\/wp-json\/wp\/v2\/product_cat?post=39008"},{"taxonomy":"product_tag","embeddable":true,"href":"https:\/\/lemoulindupivert.fr\/en\/wp-json\/wp\/v2\/product_tag?post=39008"}],"curies":[{"name":"wp","href":"https:\/\/api.w.org\/{rel}","templated":true}]}}