{"id":39006,"date":"2023-10-25T12:28:38","date_gmt":"2023-10-25T10:28:38","guid":{"rendered":"https:\/\/lemoulindupivert.fr\/produit\/toasted-bread\/"},"modified":"2024-05-21T17:47:15","modified_gmt":"2024-05-21T15:47:15","slug":"toasted-bread","status":"publish","type":"product","link":"https:\/\/lemoulindupivert.fr\/en\/product\/toasted-bread\/","title":{"rendered":"TOASTED BREAD"},"content":{"rendered":"<p>Whether you prefer a sweet or savoury breakfast, organic wholemeal toast is the perfect choice for all your needs. For a sweeter option, spread them with margarine and fruit jam. You can also add thin slices of fruit and some agave syrup. If you prefer a savoury breakfast, wholemeal toast combines perfectly with crushed avocado, a few diced tomatoes and a squeeze of lemon.<\/p>\n<p>Choosing these toasted breads means :<\/p>\n<ul>\n<li><strong>Supporting French agriculture <\/strong>: the wheat is grown and milled in France<\/li>\n<li><strong>Choosing organic ingredients<\/strong><\/li>\n<li>Enjoying toast made <strong>without palm oil<\/strong><\/li>\n<\/ul>\n","protected":false},"excerpt":{"rendered":"<p>The crunchy texture and rustic flavour of wholemeal toast will awaken your senses from the very first bite. Each slice contains wholemeal wheat, with preserved wheat bran, making it a nutritious choice to start your day.<\/p>\n<p data-wp-editing=\"1\">\u00a0 \u00a0<img loading=\"lazy\" decoding=\"async\" class=\" wd-lazy-fade alignnone wp-image-21322 size-full\" src=\"https:\/\/lemoulindupivert.fr\/wp-content\/themes\/woodmart\/images\/lazy.svg\" data-src=\"https:\/\/lemoulindupivert.fr\/wp-content\/uploads\/2023\/07\/AB-50x60-1.jpg\" alt=\"\" width=\"50\" height=\"60\" \/> \u00a0<img loading=\"lazy\" decoding=\"async\" class=\" wd-lazy-fade alignnone size-full wp-image-21371\" src=\"https:\/\/lemoulindupivert.fr\/wp-content\/themes\/woodmart\/images\/lazy.svg\" data-src=\"https:\/\/lemoulindupivert.fr\/wp-content\/uploads\/2023\/06\/Nutri-score-C-110X60.jpg\" alt=\"\" width=\"110\" height=\"60\" \/>\u00a0\u00a0<img loading=\"lazy\" decoding=\"async\" class=\" wd-lazy-fade alignnone wp-image-21319 size-full\" src=\"https:\/\/lemoulindupivert.fr\/wp-content\/themes\/woodmart\/images\/lazy.svg\" data-src=\"https:\/\/lemoulindupivert.fr\/wp-content\/uploads\/2023\/07\/Vegan-75x60-1.jpg\" alt=\"\" width=\"75\" height=\"60\" \/><\/p>\n<p><em>250g \/ 12 toasted bread<\/em><\/p>\n","protected":false},"featured_media":38653,"template":"","meta":[],"product_brand":[],"product_cat":[143],"product_tag":[],"class_list":{"0":"post-39006","1":"product","2":"type-product","3":"status-publish","4":"has-post-thumbnail","6":"product_cat-toasted-breads","8":"first","9":"instock","10":"shipping-taxable","11":"product-type-simple"},"yoast_head":"<!-- This site is optimized with the Yoast SEO plugin v27.3 - https:\/\/yoast.com\/product\/yoast-seo-wordpress\/ -->\n<title>\u00c9veillez vos sens avec le Pain grill\u00e9 bio farine compl\u00e8te<\/title>\n<meta name=\"description\" content=\"Enfin un pain grill\u00e9 bio au bl\u00e9 complet et craquant ! Le Pain grill\u00e9 bio farine compl\u00e8te du Moulin du Pivert est \u00e0 retrouver dans votre magasin bio pr\u00e9f\u00e9r\u00e9.\" \/>\n<meta name=\"robots\" content=\"index, follow, max-snippet:-1, max-image-preview:large, max-video-preview:-1\" \/>\n<link rel=\"canonical\" href=\"https:\/\/lemoulindupivert.fr\/en\/product\/toasted-bread\/\" \/>\n<meta property=\"og:locale\" content=\"en_US\" \/>\n<meta property=\"og:type\" content=\"article\" \/>\n<meta property=\"og:title\" content=\"\u00c9veillez vos sens avec le Pain grill\u00e9 bio farine compl\u00e8te\" \/>\n<meta property=\"og:description\" content=\"Enfin un pain grill\u00e9 bio au bl\u00e9 complet et craquant ! Le Pain grill\u00e9 bio farine compl\u00e8te du Moulin du Pivert est \u00e0 retrouver dans votre magasin bio pr\u00e9f\u00e9r\u00e9.\" \/>\n<meta property=\"og:url\" content=\"https:\/\/lemoulindupivert.fr\/en\/product\/toasted-bread\/\" \/>\n<meta property=\"og:site_name\" content=\"Le Moulin du Pivert\" \/>\n<meta property=\"article:publisher\" content=\"https:\/\/www.facebook.com\/le.moulin.du.pivert\" \/>\n<meta property=\"article:modified_time\" content=\"2024-05-21T15:47:15+00:00\" \/>\n<meta property=\"og:image\" content=\"https:\/\/lemoulindupivert.fr\/wp-content\/uploads\/2023\/07\/PAIN-GRILLE-farine-complete-pain-grille-bio-Le-Moulin-du-Pivert-biscuiterie-bio-artisanale-en-Aveyron-1.jpg\" \/>\n\t<meta property=\"og:image:width\" content=\"1200\" \/>\n\t<meta property=\"og:image:height\" content=\"1200\" \/>\n\t<meta property=\"og:image:type\" content=\"image\/jpeg\" \/>\n<meta name=\"twitter:card\" content=\"summary_large_image\" \/>\n<meta name=\"twitter:label1\" content=\"Est. reading time\" \/>\n\t<meta name=\"twitter:data1\" content=\"1 minute\" \/>\n<script type=\"application\/ld+json\" class=\"yoast-schema-graph\">{\"@context\":\"https:\\\/\\\/schema.org\",\"@graph\":[{\"@type\":\"WebPage\",\"@id\":\"https:\\\/\\\/lemoulindupivert.fr\\\/en\\\/product\\\/toasted-bread\\\/\",\"url\":\"https:\\\/\\\/lemoulindupivert.fr\\\/en\\\/product\\\/toasted-bread\\\/\",\"name\":\"\u00c9veillez vos sens avec le Pain grill\u00e9 bio farine compl\u00e8te\",\"isPartOf\":{\"@id\":\"https:\\\/\\\/lemoulindupivert.fr\\\/en\\\/#website\"},\"primaryImageOfPage\":{\"@id\":\"https:\\\/\\\/lemoulindupivert.fr\\\/en\\\/product\\\/toasted-bread\\\/#primaryimage\"},\"image\":{\"@id\":\"https:\\\/\\\/lemoulindupivert.fr\\\/en\\\/product\\\/toasted-bread\\\/#primaryimage\"},\"thumbnailUrl\":\"https:\\\/\\\/lemoulindupivert.fr\\\/wp-content\\\/uploads\\\/2023\\\/07\\\/PAIN-GRILLE-farine-complete-pain-grille-bio-Le-Moulin-du-Pivert-biscuiterie-bio-artisanale-en-Aveyron-1.jpg\",\"datePublished\":\"2023-10-25T10:28:38+00:00\",\"dateModified\":\"2024-05-21T15:47:15+00:00\",\"description\":\"Enfin un pain grill\u00e9 bio au bl\u00e9 complet et craquant ! Le Pain grill\u00e9 bio farine compl\u00e8te du Moulin du Pivert est \u00e0 retrouver dans votre magasin bio pr\u00e9f\u00e9r\u00e9.\",\"breadcrumb\":{\"@id\":\"https:\\\/\\\/lemoulindupivert.fr\\\/en\\\/product\\\/toasted-bread\\\/#breadcrumb\"},\"inLanguage\":\"en-US\",\"potentialAction\":[{\"@type\":\"ReadAction\",\"target\":[\"https:\\\/\\\/lemoulindupivert.fr\\\/en\\\/product\\\/toasted-bread\\\/\"]}]},{\"@type\":\"ImageObject\",\"inLanguage\":\"en-US\",\"@id\":\"https:\\\/\\\/lemoulindupivert.fr\\\/en\\\/product\\\/toasted-bread\\\/#primaryimage\",\"url\":\"https:\\\/\\\/lemoulindupivert.fr\\\/wp-content\\\/uploads\\\/2023\\\/07\\\/PAIN-GRILLE-farine-complete-pain-grille-bio-Le-Moulin-du-Pivert-biscuiterie-bio-artisanale-en-Aveyron-1.jpg\",\"contentUrl\":\"https:\\\/\\\/lemoulindupivert.fr\\\/wp-content\\\/uploads\\\/2023\\\/07\\\/PAIN-GRILLE-farine-complete-pain-grille-bio-Le-Moulin-du-Pivert-biscuiterie-bio-artisanale-en-Aveyron-1.jpg\",\"width\":1200,\"height\":1200},{\"@type\":\"BreadcrumbList\",\"@id\":\"https:\\\/\\\/lemoulindupivert.fr\\\/en\\\/product\\\/toasted-bread\\\/#breadcrumb\",\"itemListElement\":[{\"@type\":\"ListItem\",\"position\":1,\"name\":\"Accueil\",\"item\":\"https:\\\/\\\/lemoulindupivert.fr\\\/en\\\/\"},{\"@type\":\"ListItem\",\"position\":2,\"name\":\"Shop\",\"item\":\"https:\\\/\\\/lemoulindupivert.fr\\\/en\\\/shop\\\/\"},{\"@type\":\"ListItem\",\"position\":3,\"name\":\"TOASTED BREAD\"}]},{\"@type\":\"WebSite\",\"@id\":\"https:\\\/\\\/lemoulindupivert.fr\\\/en\\\/#website\",\"url\":\"https:\\\/\\\/lemoulindupivert.fr\\\/en\\\/\",\"name\":\"Le Moulin du Pivert\",\"description\":\"\",\"publisher\":{\"@id\":\"https:\\\/\\\/lemoulindupivert.fr\\\/en\\\/#organization\"},\"potentialAction\":[{\"@type\":\"SearchAction\",\"target\":{\"@type\":\"EntryPoint\",\"urlTemplate\":\"https:\\\/\\\/lemoulindupivert.fr\\\/en\\\/?s={search_term_string}\"},\"query-input\":{\"@type\":\"PropertyValueSpecification\",\"valueRequired\":true,\"valueName\":\"search_term_string\"}}],\"inLanguage\":\"en-US\"},{\"@type\":\"Organization\",\"@id\":\"https:\\\/\\\/lemoulindupivert.fr\\\/en\\\/#organization\",\"name\":\"Le Moulin du Pivert\",\"url\":\"https:\\\/\\\/lemoulindupivert.fr\\\/en\\\/\",\"logo\":{\"@type\":\"ImageObject\",\"inLanguage\":\"en-US\",\"@id\":\"https:\\\/\\\/lemoulindupivert.fr\\\/en\\\/#\\\/schema\\\/logo\\\/image\\\/\",\"url\":\"https:\\\/\\\/lemoulindupivert.fr\\\/wp-content\\\/uploads\\\/2023\\\/06\\\/LOGO-Page-Accueil-3.jpg\",\"contentUrl\":\"https:\\\/\\\/lemoulindupivert.fr\\\/wp-content\\\/uploads\\\/2023\\\/06\\\/LOGO-Page-Accueil-3.jpg\",\"width\":150,\"height\":130,\"caption\":\"Le Moulin du Pivert\"},\"image\":{\"@id\":\"https:\\\/\\\/lemoulindupivert.fr\\\/en\\\/#\\\/schema\\\/logo\\\/image\\\/\"},\"sameAs\":[\"https:\\\/\\\/www.facebook.com\\\/le.moulin.du.pivert\",\"https:\\\/\\\/www.instagram.com\\\/lemoulindupivert\\\/\"]}]}<\/script>\n<!-- \/ Yoast SEO plugin. -->","yoast_head_json":{"title":"\u00c9veillez vos sens avec le Pain grill\u00e9 bio farine compl\u00e8te","description":"Enfin un pain grill\u00e9 bio au bl\u00e9 complet et craquant ! Le Pain grill\u00e9 bio farine compl\u00e8te du Moulin du Pivert est \u00e0 retrouver dans votre magasin bio pr\u00e9f\u00e9r\u00e9.","robots":{"index":"index","follow":"follow","max-snippet":"max-snippet:-1","max-image-preview":"max-image-preview:large","max-video-preview":"max-video-preview:-1"},"canonical":"https:\/\/lemoulindupivert.fr\/en\/product\/toasted-bread\/","og_locale":"en_US","og_type":"article","og_title":"\u00c9veillez vos sens avec le Pain grill\u00e9 bio farine compl\u00e8te","og_description":"Enfin un pain grill\u00e9 bio au bl\u00e9 complet et craquant ! Le Pain grill\u00e9 bio farine compl\u00e8te du Moulin du Pivert est \u00e0 retrouver dans votre magasin bio pr\u00e9f\u00e9r\u00e9.","og_url":"https:\/\/lemoulindupivert.fr\/en\/product\/toasted-bread\/","og_site_name":"Le Moulin du Pivert","article_publisher":"https:\/\/www.facebook.com\/le.moulin.du.pivert","article_modified_time":"2024-05-21T15:47:15+00:00","og_image":[{"width":1200,"height":1200,"url":"https:\/\/lemoulindupivert.fr\/wp-content\/uploads\/2023\/07\/PAIN-GRILLE-farine-complete-pain-grille-bio-Le-Moulin-du-Pivert-biscuiterie-bio-artisanale-en-Aveyron-1.jpg","type":"image\/jpeg"}],"twitter_card":"summary_large_image","twitter_misc":{"Est. reading time":"1 minute"},"schema":{"@context":"https:\/\/schema.org","@graph":[{"@type":"WebPage","@id":"https:\/\/lemoulindupivert.fr\/en\/product\/toasted-bread\/","url":"https:\/\/lemoulindupivert.fr\/en\/product\/toasted-bread\/","name":"\u00c9veillez vos sens avec le Pain grill\u00e9 bio farine compl\u00e8te","isPartOf":{"@id":"https:\/\/lemoulindupivert.fr\/en\/#website"},"primaryImageOfPage":{"@id":"https:\/\/lemoulindupivert.fr\/en\/product\/toasted-bread\/#primaryimage"},"image":{"@id":"https:\/\/lemoulindupivert.fr\/en\/product\/toasted-bread\/#primaryimage"},"thumbnailUrl":"https:\/\/lemoulindupivert.fr\/wp-content\/uploads\/2023\/07\/PAIN-GRILLE-farine-complete-pain-grille-bio-Le-Moulin-du-Pivert-biscuiterie-bio-artisanale-en-Aveyron-1.jpg","datePublished":"2023-10-25T10:28:38+00:00","dateModified":"2024-05-21T15:47:15+00:00","description":"Enfin un pain grill\u00e9 bio au bl\u00e9 complet et craquant ! Le Pain grill\u00e9 bio farine compl\u00e8te du Moulin du Pivert est \u00e0 retrouver dans votre magasin bio pr\u00e9f\u00e9r\u00e9.","breadcrumb":{"@id":"https:\/\/lemoulindupivert.fr\/en\/product\/toasted-bread\/#breadcrumb"},"inLanguage":"en-US","potentialAction":[{"@type":"ReadAction","target":["https:\/\/lemoulindupivert.fr\/en\/product\/toasted-bread\/"]}]},{"@type":"ImageObject","inLanguage":"en-US","@id":"https:\/\/lemoulindupivert.fr\/en\/product\/toasted-bread\/#primaryimage","url":"https:\/\/lemoulindupivert.fr\/wp-content\/uploads\/2023\/07\/PAIN-GRILLE-farine-complete-pain-grille-bio-Le-Moulin-du-Pivert-biscuiterie-bio-artisanale-en-Aveyron-1.jpg","contentUrl":"https:\/\/lemoulindupivert.fr\/wp-content\/uploads\/2023\/07\/PAIN-GRILLE-farine-complete-pain-grille-bio-Le-Moulin-du-Pivert-biscuiterie-bio-artisanale-en-Aveyron-1.jpg","width":1200,"height":1200},{"@type":"BreadcrumbList","@id":"https:\/\/lemoulindupivert.fr\/en\/product\/toasted-bread\/#breadcrumb","itemListElement":[{"@type":"ListItem","position":1,"name":"Accueil","item":"https:\/\/lemoulindupivert.fr\/en\/"},{"@type":"ListItem","position":2,"name":"Shop","item":"https:\/\/lemoulindupivert.fr\/en\/shop\/"},{"@type":"ListItem","position":3,"name":"TOASTED BREAD"}]},{"@type":"WebSite","@id":"https:\/\/lemoulindupivert.fr\/en\/#website","url":"https:\/\/lemoulindupivert.fr\/en\/","name":"Le Moulin du Pivert","description":"","publisher":{"@id":"https:\/\/lemoulindupivert.fr\/en\/#organization"},"potentialAction":[{"@type":"SearchAction","target":{"@type":"EntryPoint","urlTemplate":"https:\/\/lemoulindupivert.fr\/en\/?s={search_term_string}"},"query-input":{"@type":"PropertyValueSpecification","valueRequired":true,"valueName":"search_term_string"}}],"inLanguage":"en-US"},{"@type":"Organization","@id":"https:\/\/lemoulindupivert.fr\/en\/#organization","name":"Le Moulin du Pivert","url":"https:\/\/lemoulindupivert.fr\/en\/","logo":{"@type":"ImageObject","inLanguage":"en-US","@id":"https:\/\/lemoulindupivert.fr\/en\/#\/schema\/logo\/image\/","url":"https:\/\/lemoulindupivert.fr\/wp-content\/uploads\/2023\/06\/LOGO-Page-Accueil-3.jpg","contentUrl":"https:\/\/lemoulindupivert.fr\/wp-content\/uploads\/2023\/06\/LOGO-Page-Accueil-3.jpg","width":150,"height":130,"caption":"Le Moulin du Pivert"},"image":{"@id":"https:\/\/lemoulindupivert.fr\/en\/#\/schema\/logo\/image\/"},"sameAs":["https:\/\/www.facebook.com\/le.moulin.du.pivert","https:\/\/www.instagram.com\/lemoulindupivert\/"]}]}},"_links":{"self":[{"href":"https:\/\/lemoulindupivert.fr\/en\/wp-json\/wp\/v2\/product\/39006","targetHints":{"allow":["GET"]}}],"collection":[{"href":"https:\/\/lemoulindupivert.fr\/en\/wp-json\/wp\/v2\/product"}],"about":[{"href":"https:\/\/lemoulindupivert.fr\/en\/wp-json\/wp\/v2\/types\/product"}],"wp:featuredmedia":[{"embeddable":true,"href":"https:\/\/lemoulindupivert.fr\/en\/wp-json\/wp\/v2\/media\/38653"}],"wp:attachment":[{"href":"https:\/\/lemoulindupivert.fr\/en\/wp-json\/wp\/v2\/media?parent=39006"}],"wp:term":[{"taxonomy":"product_brand","embeddable":true,"href":"https:\/\/lemoulindupivert.fr\/en\/wp-json\/wp\/v2\/product_brand?post=39006"},{"taxonomy":"product_cat","embeddable":true,"href":"https:\/\/lemoulindupivert.fr\/en\/wp-json\/wp\/v2\/product_cat?post=39006"},{"taxonomy":"product_tag","embeddable":true,"href":"https:\/\/lemoulindupivert.fr\/en\/wp-json\/wp\/v2\/product_tag?post=39006"}],"curies":[{"name":"wp","href":"https:\/\/api.w.org\/{rel}","templated":true}]}}