{"id":39003,"date":"2023-10-25T12:09:02","date_gmt":"2023-10-25T10:09:02","guid":{"rendered":"https:\/\/lemoulindupivert.fr\/produit\/blueberry-filled-cookies\/"},"modified":"2024-05-21T17:36:03","modified_gmt":"2024-05-21T15:36:03","slug":"blueberry-filled-cookies","status":"publish","type":"product","link":"https:\/\/lemoulindupivert.fr\/en\/product\/blueberry-filled-cookies\/","title":{"rendered":"BLUEBERRY FILLED COOKIES"},"content":{"rendered":"<p>The blueberry filling is ideal to combine with a cup of coffee or tea, to satisfy a small hunger or simply to indulge yourself. The format of 5 sachets of 2 cookies makes it practical to take with you wherever you go, whether at the office or on a trip.<\/p>\n<p>Choosing this cookie means :<br \/>\n<strong>Supporting regional agriculture <\/strong>: our organic wheat is grown in the Occitanie region (Southern France) and processed into flour by the family-own mill &#8220;Moulin de Montricoux&#8221;, 50 kms from our workshop.<\/p>\n<p>Choosing organic ingredients :<\/p>\n<ul>\n<li>Tasting biscuits <strong>free from palm oil<\/strong> and lecithin<\/li>\n<li>Favoring plant-based ingredients :<strong> this biscuit is vegan<\/strong> (suitable for people allergic to eggs and milk)<\/li>\n<\/ul>\n","protected":false},"excerpt":{"rendered":"<p>These organic cookies are filled with a delicious blueberry heart, all wrapped in a deliciously soft cookie with dark chocolate chips. This slightly acid blueberry puree has delighted many people : the cookie was voted &#8220;best organic product in 2021&#8221;.<\/p>\n<p data-wp-editing=\"1\"><img loading=\"lazy\" decoding=\"async\" class=\" wd-lazy-fade alignnone wp-image-21322 size-full\" src=\"https:\/\/lemoulindupivert.fr\/wp-content\/themes\/woodmart\/images\/lazy.svg\" data-src=\"https:\/\/lemoulindupivert.fr\/wp-content\/uploads\/2023\/07\/AB-50x60-1.jpg\" alt=\"\" width=\"50\" height=\"60\" \/> \u00a0<img loading=\"lazy\" decoding=\"async\" class=\" wd-lazy-fade alignnone wp-image-21372 size-full\" src=\"https:\/\/lemoulindupivert.fr\/wp-content\/themes\/woodmart\/images\/lazy.svg\" data-src=\"https:\/\/lemoulindupivert.fr\/wp-content\/uploads\/2023\/06\/Nutri-score-D-110X60.jpg\" alt=\"\" width=\"110\" height=\"60\" \/> \u00a0<img loading=\"lazy\" decoding=\"async\" class=\" wd-lazy-fade alignnone wp-image-21319 size-full\" src=\"https:\/\/lemoulindupivert.fr\/wp-content\/themes\/woodmart\/images\/lazy.svg\" data-src=\"https:\/\/lemoulindupivert.fr\/wp-content\/uploads\/2023\/07\/Vegan-75x60-1.jpg\" alt=\"\" width=\"75\" height=\"60\" \/>\u00a0 \u00a0<img loading=\"lazy\" decoding=\"async\" class=\" wd-lazy-fade alignnone wp-image-21346 size-full\" src=\"https:\/\/lemoulindupivert.fr\/wp-content\/themes\/woodmart\/images\/lazy.svg\" data-src=\"https:\/\/lemoulindupivert.fr\/wp-content\/uploads\/2023\/07\/Fabriquer-en-Aveyron-60X60-1.jpg\" alt=\"\" width=\"60\" height=\"60\" \/>\u00a0 \u00a0<img loading=\"lazy\" decoding=\"async\" class=\" wd-lazy-fade alignnone wp-image-37849\" src=\"https:\/\/lemoulindupivert.fr\/wp-content\/themes\/woodmart\/images\/lazy.svg\" data-src=\"https:\/\/lemoulindupivert.fr\/wp-content\/uploads\/2023\/10\/logo-2021.png\" alt=\"\" width=\"46\" height=\"64\" srcset=\"\" data-srcset=\"https:\/\/lemoulindupivert.fr\/wp-content\/uploads\/2023\/10\/logo-2021.png 216w, https:\/\/lemoulindupivert.fr\/wp-content\/uploads\/2023\/10\/logo-2021-150x208.png 150w\" sizes=\"auto, (max-width: 46px) 100vw, 46px\" \/><\/p>\n<p><em>175g \/ 5 sachets of 2 cookies<\/em><strong><span style=\"color: #61a60e;\"><br \/>\n<\/span><\/strong><\/p>\n","protected":false},"featured_media":38642,"template":"","meta":[],"product_brand":[],"product_cat":[150],"product_tag":[],"class_list":{"0":"post-39003","1":"product","2":"type-product","3":"status-publish","4":"has-post-thumbnail","6":"product_cat-filled-cookies","8":"first","9":"instock","10":"shipping-taxable","11":"product-type-simple"},"yoast_head":"<!-- This site is optimized with the Yoast SEO plugin v27.3 - https:\/\/yoast.com\/product\/yoast-seo-wordpress\/ -->\n<title>Les biscuits bio Fourr\u00e9s myrtille, un vrai r\u00e9gal fruit\u00e9 !<\/title>\n<meta name=\"description\" content=\"Le Moulin du Pivert en Aveyron (12) fabrique dans son atelier des biscuits bio Fourr\u00e9s myrtille moelleux aux p\u00e9pites de chocolat.\" \/>\n<meta name=\"robots\" content=\"index, follow, max-snippet:-1, max-image-preview:large, max-video-preview:-1\" \/>\n<link rel=\"canonical\" href=\"https:\/\/lemoulindupivert.fr\/en\/product\/blueberry-filled-cookies\/\" \/>\n<meta property=\"og:locale\" content=\"en_US\" \/>\n<meta property=\"og:type\" content=\"article\" \/>\n<meta property=\"og:title\" content=\"Les biscuits bio Fourr\u00e9s myrtille, un vrai r\u00e9gal fruit\u00e9 !\" \/>\n<meta property=\"og:description\" content=\"Le Moulin du Pivert en Aveyron (12) fabrique dans son atelier des biscuits bio Fourr\u00e9s myrtille moelleux aux p\u00e9pites de chocolat.\" \/>\n<meta property=\"og:url\" content=\"https:\/\/lemoulindupivert.fr\/en\/product\/blueberry-filled-cookies\/\" \/>\n<meta property=\"og:site_name\" content=\"Le Moulin du Pivert\" \/>\n<meta property=\"article:publisher\" content=\"https:\/\/www.facebook.com\/le.moulin.du.pivert\" \/>\n<meta property=\"article:modified_time\" content=\"2024-05-21T15:36:03+00:00\" \/>\n<meta property=\"og:image\" content=\"https:\/\/lemoulindupivert.fr\/wp-content\/uploads\/2023\/07\/FOURRES-MYRTILLES-aux-pepites-de-chocolat-noir-Biscuits-bio-fourres-Le-Moulin-du-Pivert-biscuiterie-bio-francaise.jpg\" \/>\n\t<meta property=\"og:image:width\" content=\"1200\" \/>\n\t<meta property=\"og:image:height\" content=\"1200\" \/>\n\t<meta property=\"og:image:type\" content=\"image\/jpeg\" \/>\n<meta name=\"twitter:card\" content=\"summary_large_image\" \/>\n<meta name=\"twitter:label1\" content=\"Est. reading time\" \/>\n\t<meta name=\"twitter:data1\" content=\"1 minute\" \/>\n<script type=\"application\/ld+json\" class=\"yoast-schema-graph\">{\"@context\":\"https:\\\/\\\/schema.org\",\"@graph\":[{\"@type\":\"WebPage\",\"@id\":\"https:\\\/\\\/lemoulindupivert.fr\\\/en\\\/product\\\/blueberry-filled-cookies\\\/\",\"url\":\"https:\\\/\\\/lemoulindupivert.fr\\\/en\\\/product\\\/blueberry-filled-cookies\\\/\",\"name\":\"Les biscuits bio Fourr\u00e9s myrtille, un vrai r\u00e9gal fruit\u00e9 !\",\"isPartOf\":{\"@id\":\"https:\\\/\\\/lemoulindupivert.fr\\\/en\\\/#website\"},\"primaryImageOfPage\":{\"@id\":\"https:\\\/\\\/lemoulindupivert.fr\\\/en\\\/product\\\/blueberry-filled-cookies\\\/#primaryimage\"},\"image\":{\"@id\":\"https:\\\/\\\/lemoulindupivert.fr\\\/en\\\/product\\\/blueberry-filled-cookies\\\/#primaryimage\"},\"thumbnailUrl\":\"https:\\\/\\\/lemoulindupivert.fr\\\/wp-content\\\/uploads\\\/2023\\\/07\\\/FOURRES-MYRTILLES-aux-pepites-de-chocolat-noir-Biscuits-bio-fourres-Le-Moulin-du-Pivert-biscuiterie-bio-francaise.jpg\",\"datePublished\":\"2023-10-25T10:09:02+00:00\",\"dateModified\":\"2024-05-21T15:36:03+00:00\",\"description\":\"Le Moulin du Pivert en Aveyron (12) fabrique dans son atelier des biscuits bio Fourr\u00e9s myrtille moelleux aux p\u00e9pites de chocolat.\",\"breadcrumb\":{\"@id\":\"https:\\\/\\\/lemoulindupivert.fr\\\/en\\\/product\\\/blueberry-filled-cookies\\\/#breadcrumb\"},\"inLanguage\":\"en-US\",\"potentialAction\":[{\"@type\":\"ReadAction\",\"target\":[\"https:\\\/\\\/lemoulindupivert.fr\\\/en\\\/product\\\/blueberry-filled-cookies\\\/\"]}]},{\"@type\":\"ImageObject\",\"inLanguage\":\"en-US\",\"@id\":\"https:\\\/\\\/lemoulindupivert.fr\\\/en\\\/product\\\/blueberry-filled-cookies\\\/#primaryimage\",\"url\":\"https:\\\/\\\/lemoulindupivert.fr\\\/wp-content\\\/uploads\\\/2023\\\/07\\\/FOURRES-MYRTILLES-aux-pepites-de-chocolat-noir-Biscuits-bio-fourres-Le-Moulin-du-Pivert-biscuiterie-bio-francaise.jpg\",\"contentUrl\":\"https:\\\/\\\/lemoulindupivert.fr\\\/wp-content\\\/uploads\\\/2023\\\/07\\\/FOURRES-MYRTILLES-aux-pepites-de-chocolat-noir-Biscuits-bio-fourres-Le-Moulin-du-Pivert-biscuiterie-bio-francaise.jpg\",\"width\":1200,\"height\":1200},{\"@type\":\"BreadcrumbList\",\"@id\":\"https:\\\/\\\/lemoulindupivert.fr\\\/en\\\/product\\\/blueberry-filled-cookies\\\/#breadcrumb\",\"itemListElement\":[{\"@type\":\"ListItem\",\"position\":1,\"name\":\"Accueil\",\"item\":\"https:\\\/\\\/lemoulindupivert.fr\\\/en\\\/\"},{\"@type\":\"ListItem\",\"position\":2,\"name\":\"Shop\",\"item\":\"https:\\\/\\\/lemoulindupivert.fr\\\/en\\\/shop\\\/\"},{\"@type\":\"ListItem\",\"position\":3,\"name\":\"BLUEBERRY FILLED COOKIES\"}]},{\"@type\":\"WebSite\",\"@id\":\"https:\\\/\\\/lemoulindupivert.fr\\\/en\\\/#website\",\"url\":\"https:\\\/\\\/lemoulindupivert.fr\\\/en\\\/\",\"name\":\"Le Moulin du Pivert\",\"description\":\"\",\"publisher\":{\"@id\":\"https:\\\/\\\/lemoulindupivert.fr\\\/en\\\/#organization\"},\"potentialAction\":[{\"@type\":\"SearchAction\",\"target\":{\"@type\":\"EntryPoint\",\"urlTemplate\":\"https:\\\/\\\/lemoulindupivert.fr\\\/en\\\/?s={search_term_string}\"},\"query-input\":{\"@type\":\"PropertyValueSpecification\",\"valueRequired\":true,\"valueName\":\"search_term_string\"}}],\"inLanguage\":\"en-US\"},{\"@type\":\"Organization\",\"@id\":\"https:\\\/\\\/lemoulindupivert.fr\\\/en\\\/#organization\",\"name\":\"Le Moulin du Pivert\",\"url\":\"https:\\\/\\\/lemoulindupivert.fr\\\/en\\\/\",\"logo\":{\"@type\":\"ImageObject\",\"inLanguage\":\"en-US\",\"@id\":\"https:\\\/\\\/lemoulindupivert.fr\\\/en\\\/#\\\/schema\\\/logo\\\/image\\\/\",\"url\":\"https:\\\/\\\/lemoulindupivert.fr\\\/wp-content\\\/uploads\\\/2023\\\/06\\\/LOGO-Page-Accueil-3.jpg\",\"contentUrl\":\"https:\\\/\\\/lemoulindupivert.fr\\\/wp-content\\\/uploads\\\/2023\\\/06\\\/LOGO-Page-Accueil-3.jpg\",\"width\":150,\"height\":130,\"caption\":\"Le Moulin du Pivert\"},\"image\":{\"@id\":\"https:\\\/\\\/lemoulindupivert.fr\\\/en\\\/#\\\/schema\\\/logo\\\/image\\\/\"},\"sameAs\":[\"https:\\\/\\\/www.facebook.com\\\/le.moulin.du.pivert\",\"https:\\\/\\\/www.instagram.com\\\/lemoulindupivert\\\/\"]}]}<\/script>\n<!-- \/ Yoast SEO plugin. -->","yoast_head_json":{"title":"Les biscuits bio Fourr\u00e9s myrtille, un vrai r\u00e9gal fruit\u00e9 !","description":"Le Moulin du Pivert en Aveyron (12) fabrique dans son atelier des biscuits bio Fourr\u00e9s myrtille moelleux aux p\u00e9pites de chocolat.","robots":{"index":"index","follow":"follow","max-snippet":"max-snippet:-1","max-image-preview":"max-image-preview:large","max-video-preview":"max-video-preview:-1"},"canonical":"https:\/\/lemoulindupivert.fr\/en\/product\/blueberry-filled-cookies\/","og_locale":"en_US","og_type":"article","og_title":"Les biscuits bio Fourr\u00e9s myrtille, un vrai r\u00e9gal fruit\u00e9 !","og_description":"Le Moulin du Pivert en Aveyron (12) fabrique dans son atelier des biscuits bio Fourr\u00e9s myrtille moelleux aux p\u00e9pites de chocolat.","og_url":"https:\/\/lemoulindupivert.fr\/en\/product\/blueberry-filled-cookies\/","og_site_name":"Le Moulin du Pivert","article_publisher":"https:\/\/www.facebook.com\/le.moulin.du.pivert","article_modified_time":"2024-05-21T15:36:03+00:00","og_image":[{"width":1200,"height":1200,"url":"https:\/\/lemoulindupivert.fr\/wp-content\/uploads\/2023\/07\/FOURRES-MYRTILLES-aux-pepites-de-chocolat-noir-Biscuits-bio-fourres-Le-Moulin-du-Pivert-biscuiterie-bio-francaise.jpg","type":"image\/jpeg"}],"twitter_card":"summary_large_image","twitter_misc":{"Est. reading time":"1 minute"},"schema":{"@context":"https:\/\/schema.org","@graph":[{"@type":"WebPage","@id":"https:\/\/lemoulindupivert.fr\/en\/product\/blueberry-filled-cookies\/","url":"https:\/\/lemoulindupivert.fr\/en\/product\/blueberry-filled-cookies\/","name":"Les biscuits bio Fourr\u00e9s myrtille, un vrai r\u00e9gal fruit\u00e9 !","isPartOf":{"@id":"https:\/\/lemoulindupivert.fr\/en\/#website"},"primaryImageOfPage":{"@id":"https:\/\/lemoulindupivert.fr\/en\/product\/blueberry-filled-cookies\/#primaryimage"},"image":{"@id":"https:\/\/lemoulindupivert.fr\/en\/product\/blueberry-filled-cookies\/#primaryimage"},"thumbnailUrl":"https:\/\/lemoulindupivert.fr\/wp-content\/uploads\/2023\/07\/FOURRES-MYRTILLES-aux-pepites-de-chocolat-noir-Biscuits-bio-fourres-Le-Moulin-du-Pivert-biscuiterie-bio-francaise.jpg","datePublished":"2023-10-25T10:09:02+00:00","dateModified":"2024-05-21T15:36:03+00:00","description":"Le Moulin du Pivert en Aveyron (12) fabrique dans son atelier des biscuits bio Fourr\u00e9s myrtille moelleux aux p\u00e9pites de chocolat.","breadcrumb":{"@id":"https:\/\/lemoulindupivert.fr\/en\/product\/blueberry-filled-cookies\/#breadcrumb"},"inLanguage":"en-US","potentialAction":[{"@type":"ReadAction","target":["https:\/\/lemoulindupivert.fr\/en\/product\/blueberry-filled-cookies\/"]}]},{"@type":"ImageObject","inLanguage":"en-US","@id":"https:\/\/lemoulindupivert.fr\/en\/product\/blueberry-filled-cookies\/#primaryimage","url":"https:\/\/lemoulindupivert.fr\/wp-content\/uploads\/2023\/07\/FOURRES-MYRTILLES-aux-pepites-de-chocolat-noir-Biscuits-bio-fourres-Le-Moulin-du-Pivert-biscuiterie-bio-francaise.jpg","contentUrl":"https:\/\/lemoulindupivert.fr\/wp-content\/uploads\/2023\/07\/FOURRES-MYRTILLES-aux-pepites-de-chocolat-noir-Biscuits-bio-fourres-Le-Moulin-du-Pivert-biscuiterie-bio-francaise.jpg","width":1200,"height":1200},{"@type":"BreadcrumbList","@id":"https:\/\/lemoulindupivert.fr\/en\/product\/blueberry-filled-cookies\/#breadcrumb","itemListElement":[{"@type":"ListItem","position":1,"name":"Accueil","item":"https:\/\/lemoulindupivert.fr\/en\/"},{"@type":"ListItem","position":2,"name":"Shop","item":"https:\/\/lemoulindupivert.fr\/en\/shop\/"},{"@type":"ListItem","position":3,"name":"BLUEBERRY FILLED COOKIES"}]},{"@type":"WebSite","@id":"https:\/\/lemoulindupivert.fr\/en\/#website","url":"https:\/\/lemoulindupivert.fr\/en\/","name":"Le Moulin du Pivert","description":"","publisher":{"@id":"https:\/\/lemoulindupivert.fr\/en\/#organization"},"potentialAction":[{"@type":"SearchAction","target":{"@type":"EntryPoint","urlTemplate":"https:\/\/lemoulindupivert.fr\/en\/?s={search_term_string}"},"query-input":{"@type":"PropertyValueSpecification","valueRequired":true,"valueName":"search_term_string"}}],"inLanguage":"en-US"},{"@type":"Organization","@id":"https:\/\/lemoulindupivert.fr\/en\/#organization","name":"Le Moulin du Pivert","url":"https:\/\/lemoulindupivert.fr\/en\/","logo":{"@type":"ImageObject","inLanguage":"en-US","@id":"https:\/\/lemoulindupivert.fr\/en\/#\/schema\/logo\/image\/","url":"https:\/\/lemoulindupivert.fr\/wp-content\/uploads\/2023\/06\/LOGO-Page-Accueil-3.jpg","contentUrl":"https:\/\/lemoulindupivert.fr\/wp-content\/uploads\/2023\/06\/LOGO-Page-Accueil-3.jpg","width":150,"height":130,"caption":"Le Moulin du Pivert"},"image":{"@id":"https:\/\/lemoulindupivert.fr\/en\/#\/schema\/logo\/image\/"},"sameAs":["https:\/\/www.facebook.com\/le.moulin.du.pivert","https:\/\/www.instagram.com\/lemoulindupivert\/"]}]}},"_links":{"self":[{"href":"https:\/\/lemoulindupivert.fr\/en\/wp-json\/wp\/v2\/product\/39003","targetHints":{"allow":["GET"]}}],"collection":[{"href":"https:\/\/lemoulindupivert.fr\/en\/wp-json\/wp\/v2\/product"}],"about":[{"href":"https:\/\/lemoulindupivert.fr\/en\/wp-json\/wp\/v2\/types\/product"}],"wp:featuredmedia":[{"embeddable":true,"href":"https:\/\/lemoulindupivert.fr\/en\/wp-json\/wp\/v2\/media\/38642"}],"wp:attachment":[{"href":"https:\/\/lemoulindupivert.fr\/en\/wp-json\/wp\/v2\/media?parent=39003"}],"wp:term":[{"taxonomy":"product_brand","embeddable":true,"href":"https:\/\/lemoulindupivert.fr\/en\/wp-json\/wp\/v2\/product_brand?post=39003"},{"taxonomy":"product_cat","embeddable":true,"href":"https:\/\/lemoulindupivert.fr\/en\/wp-json\/wp\/v2\/product_cat?post=39003"},{"taxonomy":"product_tag","embeddable":true,"href":"https:\/\/lemoulindupivert.fr\/en\/wp-json\/wp\/v2\/product_tag?post=39003"}],"curies":[{"name":"wp","href":"https:\/\/api.w.org\/{rel}","templated":true}]}}