{"id":38999,"date":"2023-10-25T11:22:11","date_gmt":"2023-10-25T09:22:11","guid":{"rendered":"https:\/\/lemoulindupivert.fr\/produit\/hazelnuts-and-chocolate-chips-cookies\/"},"modified":"2024-05-21T16:55:16","modified_gmt":"2024-05-21T14:55:16","slug":"hazelnuts-and-chocolate-chips-cookies","status":"publish","type":"product","link":"https:\/\/lemoulindupivert.fr\/en\/product\/hazelnuts-and-chocolate-chips-cookies\/","title":{"rendered":"HAZELNUTS AND CHOCOLATE CHIPS COOKIES"},"content":{"rendered":"<p>Chocolate hazelnut cookies are the perfect snack to take with a cup of coffee, to satisfy a small hunger or simply for a moment of sweetness. Their format of 5 sachets of 2 cookies makes them practical to take with you wherever you go, for a gourmet vacation at any time of day.<\/p>\n<p>Choosing this cookie means :<\/p>\n<ul>\n<li><strong>Supporting regional agriculture <\/strong>: our organic wheat is grown in the Occitanie region (Southern France) and processed into flour by the family-own mill &#8220;Moulin de Montricoux&#8221;, 50 kms from our workshop.<\/li>\n<li><strong>Choosing organic ingredients<\/strong><\/li>\n<li>Tasting biscuits <strong>free from palm oil<\/strong> and lecithin<\/li>\n<li>Favoring plant-based ingredients : <strong>this biscuit is vegan<\/strong> (suitable for people allergic to eggs and milk)<\/li>\n<\/ul>\n","protected":false},"excerpt":{"rendered":"<p>These organic shortbread cookies are real sprinkles of happiness. Each bite offers a perfectly combination of crunchy hazelnuts and melting chocolate chips. What makes our organic biscuits different ? They have an irresistible shortbread texture thanks to our own know-how, unlike conventional cookies, and will captivate you from the very first taste.<\/p>\n<p data-wp-editing=\"1\"><img loading=\"lazy\" decoding=\"async\" class=\" wd-lazy-fade alignnone wp-image-21322 size-full\" src=\"https:\/\/lemoulindupivert.fr\/wp-content\/themes\/woodmart\/images\/lazy.svg\" data-src=\"https:\/\/lemoulindupivert.fr\/wp-content\/uploads\/2023\/07\/AB-50x60-1.jpg\" alt=\"\" width=\"50\" height=\"60\" \/> \u00a0<img loading=\"lazy\" decoding=\"async\" class=\" wd-lazy-fade alignnone size-full wp-image-21373\" src=\"https:\/\/lemoulindupivert.fr\/wp-content\/themes\/woodmart\/images\/lazy.svg\" data-src=\"https:\/\/lemoulindupivert.fr\/wp-content\/uploads\/2023\/06\/Nutri-score-E-110X60.jpg\" alt=\"\" width=\"110\" height=\"60\" \/> \u00a0<img loading=\"lazy\" decoding=\"async\" class=\" wd-lazy-fade alignnone wp-image-21319 size-full\" src=\"https:\/\/lemoulindupivert.fr\/wp-content\/themes\/woodmart\/images\/lazy.svg\" data-src=\"https:\/\/lemoulindupivert.fr\/wp-content\/uploads\/2023\/07\/Vegan-75x60-1.jpg\" alt=\"\" width=\"75\" height=\"60\" \/> \u00a0<img loading=\"lazy\" decoding=\"async\" class=\" wd-lazy-fade alignnone wp-image-21346 size-full\" src=\"https:\/\/lemoulindupivert.fr\/wp-content\/themes\/woodmart\/images\/lazy.svg\" data-src=\"https:\/\/lemoulindupivert.fr\/wp-content\/uploads\/2023\/07\/Fabriquer-en-Aveyron-60X60-1.jpg\" alt=\"\" width=\"60\" height=\"60\" \/><\/p>\n<p><em>175g \/ 5 sachets of 2 cookies<\/em><\/p>\n","protected":false},"featured_media":38614,"template":"","meta":[],"product_brand":[],"product_cat":[148],"product_tag":[],"class_list":{"0":"post-38999","1":"product","2":"type-product","3":"status-publish","4":"has-post-thumbnail","6":"product_cat-cookies-en","8":"first","9":"instock","10":"shipping-taxable","11":"product-type-simple"},"yoast_head":"<!-- This site is optimized with the Yoast SEO plugin v27.3 - https:\/\/yoast.com\/product\/yoast-seo-wordpress\/ -->\n<title>Succombez aux d\u00e9licieux Cookies bio chocolat noisettes !<\/title>\n<meta name=\"description\" content=\"Offrez-vous une p\u00e9pite de bonheur ! Les Cookies bio chocolat noisettes du Moulin du Pivert associent noisettes croquantes et p\u00e9pites de chocolat fondantes.\" \/>\n<meta name=\"robots\" content=\"index, follow, max-snippet:-1, max-image-preview:large, max-video-preview:-1\" \/>\n<link rel=\"canonical\" href=\"https:\/\/lemoulindupivert.fr\/en\/product\/hazelnuts-and-chocolate-chips-cookies\/\" \/>\n<meta property=\"og:locale\" content=\"en_US\" \/>\n<meta property=\"og:type\" content=\"article\" \/>\n<meta property=\"og:title\" content=\"Succombez aux d\u00e9licieux Cookies bio chocolat noisettes !\" \/>\n<meta property=\"og:description\" content=\"Offrez-vous une p\u00e9pite de bonheur ! Les Cookies bio chocolat noisettes du Moulin du Pivert associent noisettes croquantes et p\u00e9pites de chocolat fondantes.\" \/>\n<meta property=\"og:url\" content=\"https:\/\/lemoulindupivert.fr\/en\/product\/hazelnuts-and-chocolate-chips-cookies\/\" \/>\n<meta property=\"og:site_name\" content=\"Le Moulin du Pivert\" \/>\n<meta property=\"article:publisher\" content=\"https:\/\/www.facebook.com\/le.moulin.du.pivert\" \/>\n<meta property=\"article:modified_time\" content=\"2024-05-21T14:55:16+00:00\" \/>\n<meta property=\"og:image\" content=\"https:\/\/lemoulindupivert.fr\/wp-content\/uploads\/2023\/07\/COOKIES-Chocolat-noisettes-pepites-de-chocolat-noir-cookies-bio-Le-Moulin-du-Pivert-biscuiterie-bio-francaise.jpg\" \/>\n\t<meta property=\"og:image:width\" content=\"1200\" \/>\n\t<meta property=\"og:image:height\" content=\"1200\" \/>\n\t<meta property=\"og:image:type\" content=\"image\/jpeg\" \/>\n<meta name=\"twitter:card\" content=\"summary_large_image\" \/>\n<meta name=\"twitter:label1\" content=\"Est. reading time\" \/>\n\t<meta name=\"twitter:data1\" content=\"1 minute\" \/>\n<script type=\"application\/ld+json\" class=\"yoast-schema-graph\">{\"@context\":\"https:\\\/\\\/schema.org\",\"@graph\":[{\"@type\":\"WebPage\",\"@id\":\"https:\\\/\\\/lemoulindupivert.fr\\\/en\\\/product\\\/hazelnuts-and-chocolate-chips-cookies\\\/\",\"url\":\"https:\\\/\\\/lemoulindupivert.fr\\\/en\\\/product\\\/hazelnuts-and-chocolate-chips-cookies\\\/\",\"name\":\"Succombez aux d\u00e9licieux Cookies bio chocolat noisettes !\",\"isPartOf\":{\"@id\":\"https:\\\/\\\/lemoulindupivert.fr\\\/en\\\/#website\"},\"primaryImageOfPage\":{\"@id\":\"https:\\\/\\\/lemoulindupivert.fr\\\/en\\\/product\\\/hazelnuts-and-chocolate-chips-cookies\\\/#primaryimage\"},\"image\":{\"@id\":\"https:\\\/\\\/lemoulindupivert.fr\\\/en\\\/product\\\/hazelnuts-and-chocolate-chips-cookies\\\/#primaryimage\"},\"thumbnailUrl\":\"https:\\\/\\\/lemoulindupivert.fr\\\/wp-content\\\/uploads\\\/2023\\\/07\\\/COOKIES-Chocolat-noisettes-pepites-de-chocolat-noir-cookies-bio-Le-Moulin-du-Pivert-biscuiterie-bio-francaise.jpg\",\"datePublished\":\"2023-10-25T09:22:11+00:00\",\"dateModified\":\"2024-05-21T14:55:16+00:00\",\"description\":\"Offrez-vous une p\u00e9pite de bonheur ! Les Cookies bio chocolat noisettes du Moulin du Pivert associent noisettes croquantes et p\u00e9pites de chocolat fondantes.\",\"breadcrumb\":{\"@id\":\"https:\\\/\\\/lemoulindupivert.fr\\\/en\\\/product\\\/hazelnuts-and-chocolate-chips-cookies\\\/#breadcrumb\"},\"inLanguage\":\"en-US\",\"potentialAction\":[{\"@type\":\"ReadAction\",\"target\":[\"https:\\\/\\\/lemoulindupivert.fr\\\/en\\\/product\\\/hazelnuts-and-chocolate-chips-cookies\\\/\"]}]},{\"@type\":\"ImageObject\",\"inLanguage\":\"en-US\",\"@id\":\"https:\\\/\\\/lemoulindupivert.fr\\\/en\\\/product\\\/hazelnuts-and-chocolate-chips-cookies\\\/#primaryimage\",\"url\":\"https:\\\/\\\/lemoulindupivert.fr\\\/wp-content\\\/uploads\\\/2023\\\/07\\\/COOKIES-Chocolat-noisettes-pepites-de-chocolat-noir-cookies-bio-Le-Moulin-du-Pivert-biscuiterie-bio-francaise.jpg\",\"contentUrl\":\"https:\\\/\\\/lemoulindupivert.fr\\\/wp-content\\\/uploads\\\/2023\\\/07\\\/COOKIES-Chocolat-noisettes-pepites-de-chocolat-noir-cookies-bio-Le-Moulin-du-Pivert-biscuiterie-bio-francaise.jpg\",\"width\":1200,\"height\":1200},{\"@type\":\"BreadcrumbList\",\"@id\":\"https:\\\/\\\/lemoulindupivert.fr\\\/en\\\/product\\\/hazelnuts-and-chocolate-chips-cookies\\\/#breadcrumb\",\"itemListElement\":[{\"@type\":\"ListItem\",\"position\":1,\"name\":\"Accueil\",\"item\":\"https:\\\/\\\/lemoulindupivert.fr\\\/en\\\/\"},{\"@type\":\"ListItem\",\"position\":2,\"name\":\"Shop\",\"item\":\"https:\\\/\\\/lemoulindupivert.fr\\\/en\\\/shop\\\/\"},{\"@type\":\"ListItem\",\"position\":3,\"name\":\"HAZELNUTS AND CHOCOLATE CHIPS COOKIES\"}]},{\"@type\":\"WebSite\",\"@id\":\"https:\\\/\\\/lemoulindupivert.fr\\\/en\\\/#website\",\"url\":\"https:\\\/\\\/lemoulindupivert.fr\\\/en\\\/\",\"name\":\"Le Moulin du Pivert\",\"description\":\"\",\"publisher\":{\"@id\":\"https:\\\/\\\/lemoulindupivert.fr\\\/en\\\/#organization\"},\"potentialAction\":[{\"@type\":\"SearchAction\",\"target\":{\"@type\":\"EntryPoint\",\"urlTemplate\":\"https:\\\/\\\/lemoulindupivert.fr\\\/en\\\/?s={search_term_string}\"},\"query-input\":{\"@type\":\"PropertyValueSpecification\",\"valueRequired\":true,\"valueName\":\"search_term_string\"}}],\"inLanguage\":\"en-US\"},{\"@type\":\"Organization\",\"@id\":\"https:\\\/\\\/lemoulindupivert.fr\\\/en\\\/#organization\",\"name\":\"Le Moulin du Pivert\",\"url\":\"https:\\\/\\\/lemoulindupivert.fr\\\/en\\\/\",\"logo\":{\"@type\":\"ImageObject\",\"inLanguage\":\"en-US\",\"@id\":\"https:\\\/\\\/lemoulindupivert.fr\\\/en\\\/#\\\/schema\\\/logo\\\/image\\\/\",\"url\":\"https:\\\/\\\/lemoulindupivert.fr\\\/wp-content\\\/uploads\\\/2023\\\/06\\\/LOGO-Page-Accueil-3.jpg\",\"contentUrl\":\"https:\\\/\\\/lemoulindupivert.fr\\\/wp-content\\\/uploads\\\/2023\\\/06\\\/LOGO-Page-Accueil-3.jpg\",\"width\":150,\"height\":130,\"caption\":\"Le Moulin du Pivert\"},\"image\":{\"@id\":\"https:\\\/\\\/lemoulindupivert.fr\\\/en\\\/#\\\/schema\\\/logo\\\/image\\\/\"},\"sameAs\":[\"https:\\\/\\\/www.facebook.com\\\/le.moulin.du.pivert\",\"https:\\\/\\\/www.instagram.com\\\/lemoulindupivert\\\/\"]}]}<\/script>\n<!-- \/ Yoast SEO plugin. -->","yoast_head_json":{"title":"Succombez aux d\u00e9licieux Cookies bio chocolat noisettes !","description":"Offrez-vous une p\u00e9pite de bonheur ! Les Cookies bio chocolat noisettes du Moulin du Pivert associent noisettes croquantes et p\u00e9pites de chocolat fondantes.","robots":{"index":"index","follow":"follow","max-snippet":"max-snippet:-1","max-image-preview":"max-image-preview:large","max-video-preview":"max-video-preview:-1"},"canonical":"https:\/\/lemoulindupivert.fr\/en\/product\/hazelnuts-and-chocolate-chips-cookies\/","og_locale":"en_US","og_type":"article","og_title":"Succombez aux d\u00e9licieux Cookies bio chocolat noisettes !","og_description":"Offrez-vous une p\u00e9pite de bonheur ! Les Cookies bio chocolat noisettes du Moulin du Pivert associent noisettes croquantes et p\u00e9pites de chocolat fondantes.","og_url":"https:\/\/lemoulindupivert.fr\/en\/product\/hazelnuts-and-chocolate-chips-cookies\/","og_site_name":"Le Moulin du Pivert","article_publisher":"https:\/\/www.facebook.com\/le.moulin.du.pivert","article_modified_time":"2024-05-21T14:55:16+00:00","og_image":[{"width":1200,"height":1200,"url":"https:\/\/lemoulindupivert.fr\/wp-content\/uploads\/2023\/07\/COOKIES-Chocolat-noisettes-pepites-de-chocolat-noir-cookies-bio-Le-Moulin-du-Pivert-biscuiterie-bio-francaise.jpg","type":"image\/jpeg"}],"twitter_card":"summary_large_image","twitter_misc":{"Est. reading time":"1 minute"},"schema":{"@context":"https:\/\/schema.org","@graph":[{"@type":"WebPage","@id":"https:\/\/lemoulindupivert.fr\/en\/product\/hazelnuts-and-chocolate-chips-cookies\/","url":"https:\/\/lemoulindupivert.fr\/en\/product\/hazelnuts-and-chocolate-chips-cookies\/","name":"Succombez aux d\u00e9licieux Cookies bio chocolat noisettes !","isPartOf":{"@id":"https:\/\/lemoulindupivert.fr\/en\/#website"},"primaryImageOfPage":{"@id":"https:\/\/lemoulindupivert.fr\/en\/product\/hazelnuts-and-chocolate-chips-cookies\/#primaryimage"},"image":{"@id":"https:\/\/lemoulindupivert.fr\/en\/product\/hazelnuts-and-chocolate-chips-cookies\/#primaryimage"},"thumbnailUrl":"https:\/\/lemoulindupivert.fr\/wp-content\/uploads\/2023\/07\/COOKIES-Chocolat-noisettes-pepites-de-chocolat-noir-cookies-bio-Le-Moulin-du-Pivert-biscuiterie-bio-francaise.jpg","datePublished":"2023-10-25T09:22:11+00:00","dateModified":"2024-05-21T14:55:16+00:00","description":"Offrez-vous une p\u00e9pite de bonheur ! Les Cookies bio chocolat noisettes du Moulin du Pivert associent noisettes croquantes et p\u00e9pites de chocolat fondantes.","breadcrumb":{"@id":"https:\/\/lemoulindupivert.fr\/en\/product\/hazelnuts-and-chocolate-chips-cookies\/#breadcrumb"},"inLanguage":"en-US","potentialAction":[{"@type":"ReadAction","target":["https:\/\/lemoulindupivert.fr\/en\/product\/hazelnuts-and-chocolate-chips-cookies\/"]}]},{"@type":"ImageObject","inLanguage":"en-US","@id":"https:\/\/lemoulindupivert.fr\/en\/product\/hazelnuts-and-chocolate-chips-cookies\/#primaryimage","url":"https:\/\/lemoulindupivert.fr\/wp-content\/uploads\/2023\/07\/COOKIES-Chocolat-noisettes-pepites-de-chocolat-noir-cookies-bio-Le-Moulin-du-Pivert-biscuiterie-bio-francaise.jpg","contentUrl":"https:\/\/lemoulindupivert.fr\/wp-content\/uploads\/2023\/07\/COOKIES-Chocolat-noisettes-pepites-de-chocolat-noir-cookies-bio-Le-Moulin-du-Pivert-biscuiterie-bio-francaise.jpg","width":1200,"height":1200},{"@type":"BreadcrumbList","@id":"https:\/\/lemoulindupivert.fr\/en\/product\/hazelnuts-and-chocolate-chips-cookies\/#breadcrumb","itemListElement":[{"@type":"ListItem","position":1,"name":"Accueil","item":"https:\/\/lemoulindupivert.fr\/en\/"},{"@type":"ListItem","position":2,"name":"Shop","item":"https:\/\/lemoulindupivert.fr\/en\/shop\/"},{"@type":"ListItem","position":3,"name":"HAZELNUTS AND CHOCOLATE CHIPS COOKIES"}]},{"@type":"WebSite","@id":"https:\/\/lemoulindupivert.fr\/en\/#website","url":"https:\/\/lemoulindupivert.fr\/en\/","name":"Le Moulin du Pivert","description":"","publisher":{"@id":"https:\/\/lemoulindupivert.fr\/en\/#organization"},"potentialAction":[{"@type":"SearchAction","target":{"@type":"EntryPoint","urlTemplate":"https:\/\/lemoulindupivert.fr\/en\/?s={search_term_string}"},"query-input":{"@type":"PropertyValueSpecification","valueRequired":true,"valueName":"search_term_string"}}],"inLanguage":"en-US"},{"@type":"Organization","@id":"https:\/\/lemoulindupivert.fr\/en\/#organization","name":"Le Moulin du Pivert","url":"https:\/\/lemoulindupivert.fr\/en\/","logo":{"@type":"ImageObject","inLanguage":"en-US","@id":"https:\/\/lemoulindupivert.fr\/en\/#\/schema\/logo\/image\/","url":"https:\/\/lemoulindupivert.fr\/wp-content\/uploads\/2023\/06\/LOGO-Page-Accueil-3.jpg","contentUrl":"https:\/\/lemoulindupivert.fr\/wp-content\/uploads\/2023\/06\/LOGO-Page-Accueil-3.jpg","width":150,"height":130,"caption":"Le Moulin du Pivert"},"image":{"@id":"https:\/\/lemoulindupivert.fr\/en\/#\/schema\/logo\/image\/"},"sameAs":["https:\/\/www.facebook.com\/le.moulin.du.pivert","https:\/\/www.instagram.com\/lemoulindupivert\/"]}]}},"_links":{"self":[{"href":"https:\/\/lemoulindupivert.fr\/en\/wp-json\/wp\/v2\/product\/38999","targetHints":{"allow":["GET"]}}],"collection":[{"href":"https:\/\/lemoulindupivert.fr\/en\/wp-json\/wp\/v2\/product"}],"about":[{"href":"https:\/\/lemoulindupivert.fr\/en\/wp-json\/wp\/v2\/types\/product"}],"wp:featuredmedia":[{"embeddable":true,"href":"https:\/\/lemoulindupivert.fr\/en\/wp-json\/wp\/v2\/media\/38614"}],"wp:attachment":[{"href":"https:\/\/lemoulindupivert.fr\/en\/wp-json\/wp\/v2\/media?parent=38999"}],"wp:term":[{"taxonomy":"product_brand","embeddable":true,"href":"https:\/\/lemoulindupivert.fr\/en\/wp-json\/wp\/v2\/product_brand?post=38999"},{"taxonomy":"product_cat","embeddable":true,"href":"https:\/\/lemoulindupivert.fr\/en\/wp-json\/wp\/v2\/product_cat?post=38999"},{"taxonomy":"product_tag","embeddable":true,"href":"https:\/\/lemoulindupivert.fr\/en\/wp-json\/wp\/v2\/product_tag?post=38999"}],"curies":[{"name":"wp","href":"https:\/\/api.w.org\/{rel}","templated":true}]}}