{"id":38996,"date":"2023-10-25T09:34:50","date_gmt":"2023-10-25T07:34:50","guid":{"rendered":"https:\/\/lemoulindupivert.fr\/produit\/spelt-flour-rusks\/"},"modified":"2024-05-21T16:02:06","modified_gmt":"2024-05-21T14:02:06","slug":"spelt-flour-rusks","status":"publish","type":"product","link":"https:\/\/lemoulindupivert.fr\/en\/product\/spelt-flour-rusks\/","title":{"rendered":"SPELT-FLOUR RUSKS"},"content":{"rendered":"<p>Organic spelt flour rusks taste great with fruit jams or low-sugar compotes. For a savoury version, a simple salted butter is all you need.<\/p>\n<p>Choosing these rusks means :<\/p>\n<ul>\n<li>Favoring a diet <strong>with no added sugars<\/strong><\/li>\n<li><strong>Choosing organic ingredients<\/strong><\/li>\n<li>Enjoying rusk <strong>without palm oil<\/strong><\/li>\n<\/ul>\n","protected":false},"excerpt":{"rendered":"<p>Our crunchy spelt rusks, with their slight nutty flavour, provide a different pleasure for a complete breakfast. Spelt, a wholegrain cereal, is an ancestor of wheat and guarantees a nutritious breakfast that&#8217;s also a source of fibre.<\/p>\n<p data-wp-editing=\"1\">\u00a0 \u00a0<img loading=\"lazy\" decoding=\"async\" class=\" wd-lazy-fade alignnone wp-image-21322 size-full\" src=\"https:\/\/lemoulindupivert.fr\/wp-content\/themes\/woodmart\/images\/lazy.svg\" data-src=\"https:\/\/lemoulindupivert.fr\/wp-content\/uploads\/2023\/07\/AB-50x60-1.jpg\" alt=\"\" width=\"50\" height=\"60\" \/> \u00a0<img loading=\"lazy\" decoding=\"async\" class=\" wd-lazy-fade alignnone size-full wp-image-21371\" src=\"https:\/\/lemoulindupivert.fr\/wp-content\/themes\/woodmart\/images\/lazy.svg\" data-src=\"https:\/\/lemoulindupivert.fr\/wp-content\/uploads\/2023\/06\/Nutri-score-C-110X60.jpg\" alt=\"\" width=\"110\" height=\"60\" \/> \u00a0\u00a0<img loading=\"lazy\" decoding=\"async\" class=\" wd-lazy-fade alignnone wp-image-21319 size-full\" src=\"https:\/\/lemoulindupivert.fr\/wp-content\/themes\/woodmart\/images\/lazy.svg\" data-src=\"https:\/\/lemoulindupivert.fr\/wp-content\/uploads\/2023\/07\/Vegan-75x60-1.jpg\" alt=\"\" width=\"75\" height=\"60\" \/><\/p>\n<p><em>270g \/ 4 sachets of 8 rusks<\/em><\/p>\n","protected":false},"featured_media":38768,"template":"","meta":[],"product_brand":[],"product_cat":[142],"product_tag":[],"class_list":{"0":"post-38996","1":"product","2":"type-product","3":"status-publish","4":"has-post-thumbnail","6":"product_cat-rusks","8":"first","9":"instock","10":"shipping-taxable","11":"product-type-simple"},"yoast_head":"<!-- This site is optimized with the Yoast SEO plugin v27.4 - https:\/\/yoast.com\/product\/yoast-seo-wordpress\/ -->\n<title>Biscottes bio farine d&#039;\u00e9peautre, variez le petit d\u00e9jeuner<\/title>\n<meta name=\"description\" content=\"D\u00e9couvrez les biscottes bio \u00e0 l&#039;\u00e9peautre de la biscuiterie familiale Le Moulin du Pivert. Id\u00e9al pour un petit-d\u00e9jeuner complet et source de nutriments.\" \/>\n<meta name=\"robots\" content=\"index, follow, max-snippet:-1, max-image-preview:large, max-video-preview:-1\" \/>\n<link rel=\"canonical\" href=\"https:\/\/lemoulindupivert.fr\/en\/product\/spelt-flour-rusks\/\" \/>\n<meta property=\"og:locale\" content=\"en_US\" \/>\n<meta property=\"og:type\" content=\"article\" \/>\n<meta property=\"og:title\" content=\"Biscottes bio farine d&#039;\u00e9peautre, variez le petit d\u00e9jeuner\" \/>\n<meta property=\"og:description\" content=\"D\u00e9couvrez les biscottes bio \u00e0 l&#039;\u00e9peautre de la biscuiterie familiale Le Moulin du Pivert. Id\u00e9al pour un petit-d\u00e9jeuner complet et source de nutriments.\" \/>\n<meta property=\"og:url\" content=\"https:\/\/lemoulindupivert.fr\/en\/product\/spelt-flour-rusks\/\" \/>\n<meta property=\"og:site_name\" content=\"Le Moulin du Pivert\" \/>\n<meta property=\"article:publisher\" content=\"https:\/\/www.facebook.com\/le.moulin.du.pivert\" \/>\n<meta property=\"article:modified_time\" content=\"2024-05-21T14:02:06+00:00\" \/>\n<meta property=\"og:image\" content=\"https:\/\/lemoulindupivert.fr\/wp-content\/uploads\/2023\/07\/BISCOTTES-farine-depeautre-Le-Moulin-du-Pivert-biscuiterie-bio-artisanale-en-Aveyron.jpg\" \/>\n\t<meta property=\"og:image:width\" content=\"1200\" \/>\n\t<meta property=\"og:image:height\" content=\"1200\" \/>\n\t<meta property=\"og:image:type\" content=\"image\/jpeg\" \/>\n<meta name=\"twitter:card\" content=\"summary_large_image\" \/>\n<meta name=\"twitter:label1\" content=\"Est. reading time\" \/>\n\t<meta name=\"twitter:data1\" content=\"1 minute\" \/>\n<script type=\"application\/ld+json\" class=\"yoast-schema-graph\">{\"@context\":\"https:\\\/\\\/schema.org\",\"@graph\":[{\"@type\":\"WebPage\",\"@id\":\"https:\\\/\\\/lemoulindupivert.fr\\\/en\\\/product\\\/spelt-flour-rusks\\\/\",\"url\":\"https:\\\/\\\/lemoulindupivert.fr\\\/en\\\/product\\\/spelt-flour-rusks\\\/\",\"name\":\"Biscottes bio farine d'\u00e9peautre, variez le petit d\u00e9jeuner\",\"isPartOf\":{\"@id\":\"https:\\\/\\\/lemoulindupivert.fr\\\/en\\\/#website\"},\"primaryImageOfPage\":{\"@id\":\"https:\\\/\\\/lemoulindupivert.fr\\\/en\\\/product\\\/spelt-flour-rusks\\\/#primaryimage\"},\"image\":{\"@id\":\"https:\\\/\\\/lemoulindupivert.fr\\\/en\\\/product\\\/spelt-flour-rusks\\\/#primaryimage\"},\"thumbnailUrl\":\"https:\\\/\\\/lemoulindupivert.fr\\\/wp-content\\\/uploads\\\/2023\\\/07\\\/BISCOTTES-farine-depeautre-Le-Moulin-du-Pivert-biscuiterie-bio-artisanale-en-Aveyron.jpg\",\"datePublished\":\"2023-10-25T07:34:50+00:00\",\"dateModified\":\"2024-05-21T14:02:06+00:00\",\"description\":\"D\u00e9couvrez les biscottes bio \u00e0 l'\u00e9peautre de la biscuiterie familiale Le Moulin du Pivert. Id\u00e9al pour un petit-d\u00e9jeuner complet et source de nutriments.\",\"breadcrumb\":{\"@id\":\"https:\\\/\\\/lemoulindupivert.fr\\\/en\\\/product\\\/spelt-flour-rusks\\\/#breadcrumb\"},\"inLanguage\":\"en-US\",\"potentialAction\":[{\"@type\":\"ReadAction\",\"target\":[\"https:\\\/\\\/lemoulindupivert.fr\\\/en\\\/product\\\/spelt-flour-rusks\\\/\"]}]},{\"@type\":\"ImageObject\",\"inLanguage\":\"en-US\",\"@id\":\"https:\\\/\\\/lemoulindupivert.fr\\\/en\\\/product\\\/spelt-flour-rusks\\\/#primaryimage\",\"url\":\"https:\\\/\\\/lemoulindupivert.fr\\\/wp-content\\\/uploads\\\/2023\\\/07\\\/BISCOTTES-farine-depeautre-Le-Moulin-du-Pivert-biscuiterie-bio-artisanale-en-Aveyron.jpg\",\"contentUrl\":\"https:\\\/\\\/lemoulindupivert.fr\\\/wp-content\\\/uploads\\\/2023\\\/07\\\/BISCOTTES-farine-depeautre-Le-Moulin-du-Pivert-biscuiterie-bio-artisanale-en-Aveyron.jpg\",\"width\":1200,\"height\":1200},{\"@type\":\"BreadcrumbList\",\"@id\":\"https:\\\/\\\/lemoulindupivert.fr\\\/en\\\/product\\\/spelt-flour-rusks\\\/#breadcrumb\",\"itemListElement\":[{\"@type\":\"ListItem\",\"position\":1,\"name\":\"Accueil\",\"item\":\"https:\\\/\\\/lemoulindupivert.fr\\\/en\\\/\"},{\"@type\":\"ListItem\",\"position\":2,\"name\":\"Shop\",\"item\":\"https:\\\/\\\/lemoulindupivert.fr\\\/en\\\/shop\\\/\"},{\"@type\":\"ListItem\",\"position\":3,\"name\":\"SPELT-FLOUR RUSKS\"}]},{\"@type\":\"WebSite\",\"@id\":\"https:\\\/\\\/lemoulindupivert.fr\\\/en\\\/#website\",\"url\":\"https:\\\/\\\/lemoulindupivert.fr\\\/en\\\/\",\"name\":\"Le Moulin du Pivert\",\"description\":\"\",\"publisher\":{\"@id\":\"https:\\\/\\\/lemoulindupivert.fr\\\/en\\\/#organization\"},\"potentialAction\":[{\"@type\":\"SearchAction\",\"target\":{\"@type\":\"EntryPoint\",\"urlTemplate\":\"https:\\\/\\\/lemoulindupivert.fr\\\/en\\\/?s={search_term_string}\"},\"query-input\":{\"@type\":\"PropertyValueSpecification\",\"valueRequired\":true,\"valueName\":\"search_term_string\"}}],\"inLanguage\":\"en-US\"},{\"@type\":\"Organization\",\"@id\":\"https:\\\/\\\/lemoulindupivert.fr\\\/en\\\/#organization\",\"name\":\"Le Moulin du Pivert\",\"url\":\"https:\\\/\\\/lemoulindupivert.fr\\\/en\\\/\",\"logo\":{\"@type\":\"ImageObject\",\"inLanguage\":\"en-US\",\"@id\":\"https:\\\/\\\/lemoulindupivert.fr\\\/en\\\/#\\\/schema\\\/logo\\\/image\\\/\",\"url\":\"https:\\\/\\\/lemoulindupivert.fr\\\/wp-content\\\/uploads\\\/2023\\\/06\\\/LOGO-Page-Accueil-3.jpg\",\"contentUrl\":\"https:\\\/\\\/lemoulindupivert.fr\\\/wp-content\\\/uploads\\\/2023\\\/06\\\/LOGO-Page-Accueil-3.jpg\",\"width\":150,\"height\":130,\"caption\":\"Le Moulin du Pivert\"},\"image\":{\"@id\":\"https:\\\/\\\/lemoulindupivert.fr\\\/en\\\/#\\\/schema\\\/logo\\\/image\\\/\"},\"sameAs\":[\"https:\\\/\\\/www.facebook.com\\\/le.moulin.du.pivert\",\"https:\\\/\\\/www.instagram.com\\\/lemoulindupivert\\\/\"]}]}<\/script>\n<!-- \/ Yoast SEO plugin. -->","yoast_head_json":{"title":"Biscottes bio farine d'\u00e9peautre, variez le petit d\u00e9jeuner","description":"D\u00e9couvrez les biscottes bio \u00e0 l'\u00e9peautre de la biscuiterie familiale Le Moulin du Pivert. Id\u00e9al pour un petit-d\u00e9jeuner complet et source de nutriments.","robots":{"index":"index","follow":"follow","max-snippet":"max-snippet:-1","max-image-preview":"max-image-preview:large","max-video-preview":"max-video-preview:-1"},"canonical":"https:\/\/lemoulindupivert.fr\/en\/product\/spelt-flour-rusks\/","og_locale":"en_US","og_type":"article","og_title":"Biscottes bio farine d'\u00e9peautre, variez le petit d\u00e9jeuner","og_description":"D\u00e9couvrez les biscottes bio \u00e0 l'\u00e9peautre de la biscuiterie familiale Le Moulin du Pivert. Id\u00e9al pour un petit-d\u00e9jeuner complet et source de nutriments.","og_url":"https:\/\/lemoulindupivert.fr\/en\/product\/spelt-flour-rusks\/","og_site_name":"Le Moulin du Pivert","article_publisher":"https:\/\/www.facebook.com\/le.moulin.du.pivert","article_modified_time":"2024-05-21T14:02:06+00:00","og_image":[{"width":1200,"height":1200,"url":"https:\/\/lemoulindupivert.fr\/wp-content\/uploads\/2023\/07\/BISCOTTES-farine-depeautre-Le-Moulin-du-Pivert-biscuiterie-bio-artisanale-en-Aveyron.jpg","type":"image\/jpeg"}],"twitter_card":"summary_large_image","twitter_misc":{"Est. reading time":"1 minute"},"schema":{"@context":"https:\/\/schema.org","@graph":[{"@type":"WebPage","@id":"https:\/\/lemoulindupivert.fr\/en\/product\/spelt-flour-rusks\/","url":"https:\/\/lemoulindupivert.fr\/en\/product\/spelt-flour-rusks\/","name":"Biscottes bio farine d'\u00e9peautre, variez le petit d\u00e9jeuner","isPartOf":{"@id":"https:\/\/lemoulindupivert.fr\/en\/#website"},"primaryImageOfPage":{"@id":"https:\/\/lemoulindupivert.fr\/en\/product\/spelt-flour-rusks\/#primaryimage"},"image":{"@id":"https:\/\/lemoulindupivert.fr\/en\/product\/spelt-flour-rusks\/#primaryimage"},"thumbnailUrl":"https:\/\/lemoulindupivert.fr\/wp-content\/uploads\/2023\/07\/BISCOTTES-farine-depeautre-Le-Moulin-du-Pivert-biscuiterie-bio-artisanale-en-Aveyron.jpg","datePublished":"2023-10-25T07:34:50+00:00","dateModified":"2024-05-21T14:02:06+00:00","description":"D\u00e9couvrez les biscottes bio \u00e0 l'\u00e9peautre de la biscuiterie familiale Le Moulin du Pivert. Id\u00e9al pour un petit-d\u00e9jeuner complet et source de nutriments.","breadcrumb":{"@id":"https:\/\/lemoulindupivert.fr\/en\/product\/spelt-flour-rusks\/#breadcrumb"},"inLanguage":"en-US","potentialAction":[{"@type":"ReadAction","target":["https:\/\/lemoulindupivert.fr\/en\/product\/spelt-flour-rusks\/"]}]},{"@type":"ImageObject","inLanguage":"en-US","@id":"https:\/\/lemoulindupivert.fr\/en\/product\/spelt-flour-rusks\/#primaryimage","url":"https:\/\/lemoulindupivert.fr\/wp-content\/uploads\/2023\/07\/BISCOTTES-farine-depeautre-Le-Moulin-du-Pivert-biscuiterie-bio-artisanale-en-Aveyron.jpg","contentUrl":"https:\/\/lemoulindupivert.fr\/wp-content\/uploads\/2023\/07\/BISCOTTES-farine-depeautre-Le-Moulin-du-Pivert-biscuiterie-bio-artisanale-en-Aveyron.jpg","width":1200,"height":1200},{"@type":"BreadcrumbList","@id":"https:\/\/lemoulindupivert.fr\/en\/product\/spelt-flour-rusks\/#breadcrumb","itemListElement":[{"@type":"ListItem","position":1,"name":"Accueil","item":"https:\/\/lemoulindupivert.fr\/en\/"},{"@type":"ListItem","position":2,"name":"Shop","item":"https:\/\/lemoulindupivert.fr\/en\/shop\/"},{"@type":"ListItem","position":3,"name":"SPELT-FLOUR RUSKS"}]},{"@type":"WebSite","@id":"https:\/\/lemoulindupivert.fr\/en\/#website","url":"https:\/\/lemoulindupivert.fr\/en\/","name":"Le Moulin du Pivert","description":"","publisher":{"@id":"https:\/\/lemoulindupivert.fr\/en\/#organization"},"potentialAction":[{"@type":"SearchAction","target":{"@type":"EntryPoint","urlTemplate":"https:\/\/lemoulindupivert.fr\/en\/?s={search_term_string}"},"query-input":{"@type":"PropertyValueSpecification","valueRequired":true,"valueName":"search_term_string"}}],"inLanguage":"en-US"},{"@type":"Organization","@id":"https:\/\/lemoulindupivert.fr\/en\/#organization","name":"Le Moulin du Pivert","url":"https:\/\/lemoulindupivert.fr\/en\/","logo":{"@type":"ImageObject","inLanguage":"en-US","@id":"https:\/\/lemoulindupivert.fr\/en\/#\/schema\/logo\/image\/","url":"https:\/\/lemoulindupivert.fr\/wp-content\/uploads\/2023\/06\/LOGO-Page-Accueil-3.jpg","contentUrl":"https:\/\/lemoulindupivert.fr\/wp-content\/uploads\/2023\/06\/LOGO-Page-Accueil-3.jpg","width":150,"height":130,"caption":"Le Moulin du Pivert"},"image":{"@id":"https:\/\/lemoulindupivert.fr\/en\/#\/schema\/logo\/image\/"},"sameAs":["https:\/\/www.facebook.com\/le.moulin.du.pivert","https:\/\/www.instagram.com\/lemoulindupivert\/"]}]}},"_links":{"self":[{"href":"https:\/\/lemoulindupivert.fr\/en\/wp-json\/wp\/v2\/product\/38996","targetHints":{"allow":["GET"]}}],"collection":[{"href":"https:\/\/lemoulindupivert.fr\/en\/wp-json\/wp\/v2\/product"}],"about":[{"href":"https:\/\/lemoulindupivert.fr\/en\/wp-json\/wp\/v2\/types\/product"}],"wp:featuredmedia":[{"embeddable":true,"href":"https:\/\/lemoulindupivert.fr\/en\/wp-json\/wp\/v2\/media\/38768"}],"wp:attachment":[{"href":"https:\/\/lemoulindupivert.fr\/en\/wp-json\/wp\/v2\/media?parent=38996"}],"wp:term":[{"taxonomy":"product_brand","embeddable":true,"href":"https:\/\/lemoulindupivert.fr\/en\/wp-json\/wp\/v2\/product_brand?post=38996"},{"taxonomy":"product_cat","embeddable":true,"href":"https:\/\/lemoulindupivert.fr\/en\/wp-json\/wp\/v2\/product_cat?post=38996"},{"taxonomy":"product_tag","embeddable":true,"href":"https:\/\/lemoulindupivert.fr\/en\/wp-json\/wp\/v2\/product_tag?post=38996"}],"curies":[{"name":"wp","href":"https:\/\/api.w.org\/{rel}","templated":true}]}}