{"id":38990,"date":"2023-10-25T11:13:02","date_gmt":"2023-10-25T09:13:02","guid":{"rendered":"https:\/\/lemoulindupivert.fr\/produit\/matcha\/"},"modified":"2024-05-21T16:36:12","modified_gmt":"2024-05-21T14:36:12","slug":"matcha-green-tea-and-milk-chocolate-biscuit","status":"publish","type":"product","link":"https:\/\/lemoulindupivert.fr\/en\/product\/matcha-green-tea-and-milk-chocolate-biscuit\/","title":{"rendered":"MATCHA GREEN TEA AND MILK CHOCOLATE BISCUIT"},"content":{"rendered":"<p>What makes our organic cookies different ? They have an irresistible crunchy texture and are entirely coated with chocolate in our workshops. This organic cookie is more than just a cookie. It&#8217;s an invitation to take a sweet break, a moment of relaxation where you can let yourself be enchanted by the delicious flavors of tea and chocolate. You may succumb to temptation, so be careful&#8230;<\/p>\n<p>Choosing this cookie means :<\/p>\n<ul>\n<li><strong>Supporting regional agriculture<\/strong> : our organic wheat is grown in the Occitanie region (Southern France) and processed into flour by the family-own mill &#8220;Moulin de Montricoux&#8221;, 50 kms from our workshop.<\/li>\n<li><strong>Choosing organic ingredients<\/strong><\/li>\n<li>Tasting biscuits <strong>free from palm oil<\/strong> and lecithin<\/li>\n<li>Prevent certain allergies : <strong>this biscuit is egg-free<\/strong><\/li>\n<\/ul>\n","protected":false},"excerpt":{"rendered":"<p>Dive into a world of exquisite flavours with the Tentation Matcha green tea and milk chocolate. Let yourself be seduced by the delicate notes of Matcha green tea powder from Japan, known for its benefits and sophisticated taste.<br \/>\nWith every bite, you&#8217;ll be seduced by the velvety smoothness of milk chocolate, harmoniously combined with the herbaceous aroma of Matcha green tea<\/p>\n<p data-wp-editing=\"1\"><img loading=\"lazy\" decoding=\"async\" class=\" wd-lazy-fade alignnone wp-image-21322 size-full\" src=\"https:\/\/lemoulindupivert.fr\/wp-content\/themes\/woodmart\/images\/lazy.svg\" data-src=\"https:\/\/lemoulindupivert.fr\/wp-content\/uploads\/2023\/07\/AB-50x60-1.jpg\" alt=\"\" width=\"50\" height=\"60\" \/> \u00a0<img loading=\"lazy\" decoding=\"async\" class=\" wd-lazy-fade alignnone wp-image-21373 size-full\" src=\"https:\/\/lemoulindupivert.fr\/wp-content\/themes\/woodmart\/images\/lazy.svg\" data-src=\"https:\/\/lemoulindupivert.fr\/wp-content\/uploads\/2023\/06\/Nutri-score-E-110X60.jpg\" alt=\"\" width=\"110\" height=\"60\" \/> \u00a0<img loading=\"lazy\" decoding=\"async\" class=\" wd-lazy-fade alignnone wp-image-21359 size-full\" src=\"https:\/\/lemoulindupivert.fr\/wp-content\/themes\/woodmart\/images\/lazy.svg\" data-src=\"https:\/\/lemoulindupivert.fr\/wp-content\/uploads\/2023\/07\/Sans-oeuf-58x50-1.jpg\" alt=\"\" width=\"58\" height=\"50\" \/> \u00a0<img loading=\"lazy\" decoding=\"async\" class=\" wd-lazy-fade alignnone wp-image-21346 size-full\" src=\"https:\/\/lemoulindupivert.fr\/wp-content\/themes\/woodmart\/images\/lazy.svg\" data-src=\"https:\/\/lemoulindupivert.fr\/wp-content\/uploads\/2023\/07\/Fabriquer-en-Aveyron-60X60-1.jpg\" alt=\"\" width=\"60\" height=\"60\" \/><\/p>\n<p><em>130g \/ 5 sachets of 2 cookies<\/em><strong><span style=\"color: #61a60e;\"><br \/>\n<\/span><\/strong><\/p>\n","protected":false},"featured_media":38634,"template":"","meta":[],"product_brand":[],"product_cat":[153],"product_tag":[],"class_list":{"0":"post-38990","1":"product","2":"type-product","3":"status-publish","4":"has-post-thumbnail","6":"product_cat-temptation","8":"first","9":"instock","10":"shipping-taxable","11":"product-type-simple"},"yoast_head":"<!-- This site is optimized with the Yoast SEO plugin v27.4 - https:\/\/yoast.com\/product\/yoast-seo-wordpress\/ -->\n<title>Biscuit bio th\u00e9 vert Matcha et chocolat au lait en Aveyron<\/title>\n<meta name=\"description\" content=\"Laissez-vous s\u00e9duire par les notes d\u00e9licates de poudre de th\u00e9 vert Matcha du biscuit bio th\u00e9 vert Matcha et chocolat au lait Le Moulin du Pivert en Aveyron.\" \/>\n<meta name=\"robots\" content=\"index, follow, max-snippet:-1, max-image-preview:large, max-video-preview:-1\" \/>\n<link rel=\"canonical\" href=\"https:\/\/lemoulindupivert.fr\/en\/product\/matcha-green-tea-and-milk-chocolate-biscuit\/\" \/>\n<meta property=\"og:locale\" content=\"en_US\" \/>\n<meta property=\"og:type\" content=\"article\" \/>\n<meta property=\"og:title\" content=\"Biscuit bio th\u00e9 vert Matcha et chocolat au lait en Aveyron\" \/>\n<meta property=\"og:description\" content=\"Laissez-vous s\u00e9duire par les notes d\u00e9licates de poudre de th\u00e9 vert Matcha du biscuit bio th\u00e9 vert Matcha et chocolat au lait Le Moulin du Pivert en Aveyron.\" \/>\n<meta property=\"og:url\" content=\"https:\/\/lemoulindupivert.fr\/en\/product\/matcha-green-tea-and-milk-chocolate-biscuit\/\" \/>\n<meta property=\"og:site_name\" content=\"Le Moulin du Pivert\" \/>\n<meta property=\"article:publisher\" content=\"https:\/\/www.facebook.com\/le.moulin.du.pivert\" \/>\n<meta property=\"article:modified_time\" content=\"2024-05-21T14:36:12+00:00\" \/>\n<meta property=\"og:image\" content=\"https:\/\/lemoulindupivert.fr\/wp-content\/uploads\/2023\/07\/TENTATION-The-vert-Matcha-et-chocolat-au-lait-biscuits-bio-Le-Moulin-du-Pivert-biscuiterie-bio-artisanale-en-Aveyron.jpg\" \/>\n\t<meta property=\"og:image:width\" content=\"1200\" \/>\n\t<meta property=\"og:image:height\" content=\"1200\" \/>\n\t<meta property=\"og:image:type\" content=\"image\/jpeg\" \/>\n<meta name=\"twitter:card\" content=\"summary_large_image\" \/>\n<meta name=\"twitter:label1\" content=\"Est. reading time\" \/>\n\t<meta name=\"twitter:data1\" content=\"1 minute\" \/>\n<script type=\"application\/ld+json\" class=\"yoast-schema-graph\">{\"@context\":\"https:\\\/\\\/schema.org\",\"@graph\":[{\"@type\":\"WebPage\",\"@id\":\"https:\\\/\\\/lemoulindupivert.fr\\\/en\\\/product\\\/matcha-green-tea-and-milk-chocolate-biscuit\\\/\",\"url\":\"https:\\\/\\\/lemoulindupivert.fr\\\/en\\\/product\\\/matcha-green-tea-and-milk-chocolate-biscuit\\\/\",\"name\":\"Biscuit bio th\u00e9 vert Matcha et chocolat au lait en Aveyron\",\"isPartOf\":{\"@id\":\"https:\\\/\\\/lemoulindupivert.fr\\\/en\\\/#website\"},\"primaryImageOfPage\":{\"@id\":\"https:\\\/\\\/lemoulindupivert.fr\\\/en\\\/product\\\/matcha-green-tea-and-milk-chocolate-biscuit\\\/#primaryimage\"},\"image\":{\"@id\":\"https:\\\/\\\/lemoulindupivert.fr\\\/en\\\/product\\\/matcha-green-tea-and-milk-chocolate-biscuit\\\/#primaryimage\"},\"thumbnailUrl\":\"https:\\\/\\\/lemoulindupivert.fr\\\/wp-content\\\/uploads\\\/2023\\\/07\\\/TENTATION-The-vert-Matcha-et-chocolat-au-lait-biscuits-bio-Le-Moulin-du-Pivert-biscuiterie-bio-artisanale-en-Aveyron.jpg\",\"datePublished\":\"2023-10-25T09:13:02+00:00\",\"dateModified\":\"2024-05-21T14:36:12+00:00\",\"description\":\"Laissez-vous s\u00e9duire par les notes d\u00e9licates de poudre de th\u00e9 vert Matcha du biscuit bio th\u00e9 vert Matcha et chocolat au lait Le Moulin du Pivert en Aveyron.\",\"breadcrumb\":{\"@id\":\"https:\\\/\\\/lemoulindupivert.fr\\\/en\\\/product\\\/matcha-green-tea-and-milk-chocolate-biscuit\\\/#breadcrumb\"},\"inLanguage\":\"en-US\",\"potentialAction\":[{\"@type\":\"ReadAction\",\"target\":[\"https:\\\/\\\/lemoulindupivert.fr\\\/en\\\/product\\\/matcha-green-tea-and-milk-chocolate-biscuit\\\/\"]}]},{\"@type\":\"ImageObject\",\"inLanguage\":\"en-US\",\"@id\":\"https:\\\/\\\/lemoulindupivert.fr\\\/en\\\/product\\\/matcha-green-tea-and-milk-chocolate-biscuit\\\/#primaryimage\",\"url\":\"https:\\\/\\\/lemoulindupivert.fr\\\/wp-content\\\/uploads\\\/2023\\\/07\\\/TENTATION-The-vert-Matcha-et-chocolat-au-lait-biscuits-bio-Le-Moulin-du-Pivert-biscuiterie-bio-artisanale-en-Aveyron.jpg\",\"contentUrl\":\"https:\\\/\\\/lemoulindupivert.fr\\\/wp-content\\\/uploads\\\/2023\\\/07\\\/TENTATION-The-vert-Matcha-et-chocolat-au-lait-biscuits-bio-Le-Moulin-du-Pivert-biscuiterie-bio-artisanale-en-Aveyron.jpg\",\"width\":1200,\"height\":1200},{\"@type\":\"BreadcrumbList\",\"@id\":\"https:\\\/\\\/lemoulindupivert.fr\\\/en\\\/product\\\/matcha-green-tea-and-milk-chocolate-biscuit\\\/#breadcrumb\",\"itemListElement\":[{\"@type\":\"ListItem\",\"position\":1,\"name\":\"Accueil\",\"item\":\"https:\\\/\\\/lemoulindupivert.fr\\\/en\\\/\"},{\"@type\":\"ListItem\",\"position\":2,\"name\":\"Shop\",\"item\":\"https:\\\/\\\/lemoulindupivert.fr\\\/en\\\/shop\\\/\"},{\"@type\":\"ListItem\",\"position\":3,\"name\":\"MATCHA GREEN TEA AND MILK CHOCOLATE BISCUIT\"}]},{\"@type\":\"WebSite\",\"@id\":\"https:\\\/\\\/lemoulindupivert.fr\\\/en\\\/#website\",\"url\":\"https:\\\/\\\/lemoulindupivert.fr\\\/en\\\/\",\"name\":\"Le Moulin du Pivert\",\"description\":\"\",\"publisher\":{\"@id\":\"https:\\\/\\\/lemoulindupivert.fr\\\/en\\\/#organization\"},\"potentialAction\":[{\"@type\":\"SearchAction\",\"target\":{\"@type\":\"EntryPoint\",\"urlTemplate\":\"https:\\\/\\\/lemoulindupivert.fr\\\/en\\\/?s={search_term_string}\"},\"query-input\":{\"@type\":\"PropertyValueSpecification\",\"valueRequired\":true,\"valueName\":\"search_term_string\"}}],\"inLanguage\":\"en-US\"},{\"@type\":\"Organization\",\"@id\":\"https:\\\/\\\/lemoulindupivert.fr\\\/en\\\/#organization\",\"name\":\"Le Moulin du Pivert\",\"url\":\"https:\\\/\\\/lemoulindupivert.fr\\\/en\\\/\",\"logo\":{\"@type\":\"ImageObject\",\"inLanguage\":\"en-US\",\"@id\":\"https:\\\/\\\/lemoulindupivert.fr\\\/en\\\/#\\\/schema\\\/logo\\\/image\\\/\",\"url\":\"https:\\\/\\\/lemoulindupivert.fr\\\/wp-content\\\/uploads\\\/2023\\\/06\\\/LOGO-Page-Accueil-3.jpg\",\"contentUrl\":\"https:\\\/\\\/lemoulindupivert.fr\\\/wp-content\\\/uploads\\\/2023\\\/06\\\/LOGO-Page-Accueil-3.jpg\",\"width\":150,\"height\":130,\"caption\":\"Le Moulin du Pivert\"},\"image\":{\"@id\":\"https:\\\/\\\/lemoulindupivert.fr\\\/en\\\/#\\\/schema\\\/logo\\\/image\\\/\"},\"sameAs\":[\"https:\\\/\\\/www.facebook.com\\\/le.moulin.du.pivert\",\"https:\\\/\\\/www.instagram.com\\\/lemoulindupivert\\\/\"]}]}<\/script>\n<!-- \/ Yoast SEO plugin. -->","yoast_head_json":{"title":"Biscuit bio th\u00e9 vert Matcha et chocolat au lait en Aveyron","description":"Laissez-vous s\u00e9duire par les notes d\u00e9licates de poudre de th\u00e9 vert Matcha du biscuit bio th\u00e9 vert Matcha et chocolat au lait Le Moulin du Pivert en Aveyron.","robots":{"index":"index","follow":"follow","max-snippet":"max-snippet:-1","max-image-preview":"max-image-preview:large","max-video-preview":"max-video-preview:-1"},"canonical":"https:\/\/lemoulindupivert.fr\/en\/product\/matcha-green-tea-and-milk-chocolate-biscuit\/","og_locale":"en_US","og_type":"article","og_title":"Biscuit bio th\u00e9 vert Matcha et chocolat au lait en Aveyron","og_description":"Laissez-vous s\u00e9duire par les notes d\u00e9licates de poudre de th\u00e9 vert Matcha du biscuit bio th\u00e9 vert Matcha et chocolat au lait Le Moulin du Pivert en Aveyron.","og_url":"https:\/\/lemoulindupivert.fr\/en\/product\/matcha-green-tea-and-milk-chocolate-biscuit\/","og_site_name":"Le Moulin du Pivert","article_publisher":"https:\/\/www.facebook.com\/le.moulin.du.pivert","article_modified_time":"2024-05-21T14:36:12+00:00","og_image":[{"width":1200,"height":1200,"url":"https:\/\/lemoulindupivert.fr\/wp-content\/uploads\/2023\/07\/TENTATION-The-vert-Matcha-et-chocolat-au-lait-biscuits-bio-Le-Moulin-du-Pivert-biscuiterie-bio-artisanale-en-Aveyron.jpg","type":"image\/jpeg"}],"twitter_card":"summary_large_image","twitter_misc":{"Est. reading time":"1 minute"},"schema":{"@context":"https:\/\/schema.org","@graph":[{"@type":"WebPage","@id":"https:\/\/lemoulindupivert.fr\/en\/product\/matcha-green-tea-and-milk-chocolate-biscuit\/","url":"https:\/\/lemoulindupivert.fr\/en\/product\/matcha-green-tea-and-milk-chocolate-biscuit\/","name":"Biscuit bio th\u00e9 vert Matcha et chocolat au lait en Aveyron","isPartOf":{"@id":"https:\/\/lemoulindupivert.fr\/en\/#website"},"primaryImageOfPage":{"@id":"https:\/\/lemoulindupivert.fr\/en\/product\/matcha-green-tea-and-milk-chocolate-biscuit\/#primaryimage"},"image":{"@id":"https:\/\/lemoulindupivert.fr\/en\/product\/matcha-green-tea-and-milk-chocolate-biscuit\/#primaryimage"},"thumbnailUrl":"https:\/\/lemoulindupivert.fr\/wp-content\/uploads\/2023\/07\/TENTATION-The-vert-Matcha-et-chocolat-au-lait-biscuits-bio-Le-Moulin-du-Pivert-biscuiterie-bio-artisanale-en-Aveyron.jpg","datePublished":"2023-10-25T09:13:02+00:00","dateModified":"2024-05-21T14:36:12+00:00","description":"Laissez-vous s\u00e9duire par les notes d\u00e9licates de poudre de th\u00e9 vert Matcha du biscuit bio th\u00e9 vert Matcha et chocolat au lait Le Moulin du Pivert en Aveyron.","breadcrumb":{"@id":"https:\/\/lemoulindupivert.fr\/en\/product\/matcha-green-tea-and-milk-chocolate-biscuit\/#breadcrumb"},"inLanguage":"en-US","potentialAction":[{"@type":"ReadAction","target":["https:\/\/lemoulindupivert.fr\/en\/product\/matcha-green-tea-and-milk-chocolate-biscuit\/"]}]},{"@type":"ImageObject","inLanguage":"en-US","@id":"https:\/\/lemoulindupivert.fr\/en\/product\/matcha-green-tea-and-milk-chocolate-biscuit\/#primaryimage","url":"https:\/\/lemoulindupivert.fr\/wp-content\/uploads\/2023\/07\/TENTATION-The-vert-Matcha-et-chocolat-au-lait-biscuits-bio-Le-Moulin-du-Pivert-biscuiterie-bio-artisanale-en-Aveyron.jpg","contentUrl":"https:\/\/lemoulindupivert.fr\/wp-content\/uploads\/2023\/07\/TENTATION-The-vert-Matcha-et-chocolat-au-lait-biscuits-bio-Le-Moulin-du-Pivert-biscuiterie-bio-artisanale-en-Aveyron.jpg","width":1200,"height":1200},{"@type":"BreadcrumbList","@id":"https:\/\/lemoulindupivert.fr\/en\/product\/matcha-green-tea-and-milk-chocolate-biscuit\/#breadcrumb","itemListElement":[{"@type":"ListItem","position":1,"name":"Accueil","item":"https:\/\/lemoulindupivert.fr\/en\/"},{"@type":"ListItem","position":2,"name":"Shop","item":"https:\/\/lemoulindupivert.fr\/en\/shop\/"},{"@type":"ListItem","position":3,"name":"MATCHA GREEN TEA AND MILK CHOCOLATE BISCUIT"}]},{"@type":"WebSite","@id":"https:\/\/lemoulindupivert.fr\/en\/#website","url":"https:\/\/lemoulindupivert.fr\/en\/","name":"Le Moulin du Pivert","description":"","publisher":{"@id":"https:\/\/lemoulindupivert.fr\/en\/#organization"},"potentialAction":[{"@type":"SearchAction","target":{"@type":"EntryPoint","urlTemplate":"https:\/\/lemoulindupivert.fr\/en\/?s={search_term_string}"},"query-input":{"@type":"PropertyValueSpecification","valueRequired":true,"valueName":"search_term_string"}}],"inLanguage":"en-US"},{"@type":"Organization","@id":"https:\/\/lemoulindupivert.fr\/en\/#organization","name":"Le Moulin du Pivert","url":"https:\/\/lemoulindupivert.fr\/en\/","logo":{"@type":"ImageObject","inLanguage":"en-US","@id":"https:\/\/lemoulindupivert.fr\/en\/#\/schema\/logo\/image\/","url":"https:\/\/lemoulindupivert.fr\/wp-content\/uploads\/2023\/06\/LOGO-Page-Accueil-3.jpg","contentUrl":"https:\/\/lemoulindupivert.fr\/wp-content\/uploads\/2023\/06\/LOGO-Page-Accueil-3.jpg","width":150,"height":130,"caption":"Le Moulin du Pivert"},"image":{"@id":"https:\/\/lemoulindupivert.fr\/en\/#\/schema\/logo\/image\/"},"sameAs":["https:\/\/www.facebook.com\/le.moulin.du.pivert","https:\/\/www.instagram.com\/lemoulindupivert\/"]}]}},"_links":{"self":[{"href":"https:\/\/lemoulindupivert.fr\/en\/wp-json\/wp\/v2\/product\/38990","targetHints":{"allow":["GET"]}}],"collection":[{"href":"https:\/\/lemoulindupivert.fr\/en\/wp-json\/wp\/v2\/product"}],"about":[{"href":"https:\/\/lemoulindupivert.fr\/en\/wp-json\/wp\/v2\/types\/product"}],"wp:featuredmedia":[{"embeddable":true,"href":"https:\/\/lemoulindupivert.fr\/en\/wp-json\/wp\/v2\/media\/38634"}],"wp:attachment":[{"href":"https:\/\/lemoulindupivert.fr\/en\/wp-json\/wp\/v2\/media?parent=38990"}],"wp:term":[{"taxonomy":"product_brand","embeddable":true,"href":"https:\/\/lemoulindupivert.fr\/en\/wp-json\/wp\/v2\/product_brand?post=38990"},{"taxonomy":"product_cat","embeddable":true,"href":"https:\/\/lemoulindupivert.fr\/en\/wp-json\/wp\/v2\/product_cat?post=38990"},{"taxonomy":"product_tag","embeddable":true,"href":"https:\/\/lemoulindupivert.fr\/en\/wp-json\/wp\/v2\/product_tag?post=38990"}],"curies":[{"name":"wp","href":"https:\/\/api.w.org\/{rel}","templated":true}]}}