{"id":39398,"date":"2023-10-05T15:48:21","date_gmt":"2023-10-05T13:48:21","guid":{"rendered":"https:\/\/lemoulindupivert.fr\/news\/"},"modified":"2024-05-06T15:28:10","modified_gmt":"2024-05-06T13:28:10","slug":"news","status":"publish","type":"page","link":"https:\/\/lemoulindupivert.fr\/en\/news\/","title":{"rendered":"News"},"content":{"rendered":"\t\t<div data-elementor-type=\"wp-page\" data-elementor-id=\"39398\" class=\"elementor elementor-39398 elementor-32340\">\n\t\t\t\t\t\t<section class=\"wd-negative-gap elementor-section elementor-top-section elementor-element elementor-element-375c313 elementor-section-boxed elementor-section-height-default elementor-section-height-default\" data-id=\"375c313\" data-element_type=\"section\" data-e-type=\"section\">\n\t\t\t\t\t\t<div class=\"elementor-container elementor-column-gap-default\">\n\t\t\t\t\t<div class=\"elementor-column elementor-col-100 elementor-top-column elementor-element elementor-element-f69cf23\" data-id=\"f69cf23\" data-element_type=\"column\" data-e-type=\"column\">\n\t\t\t<div class=\"elementor-widget-wrap elementor-element-populated\">\n\t\t\t\t\t\t<div class=\"elementor-element elementor-element-c51807d wd-width-100 elementor-widget elementor-widget-wd_blog\" data-id=\"c51807d\" data-element_type=\"widget\" data-e-type=\"widget\" data-widget_type=\"wd_blog.default\">\n\t\t\t\t<div class=\"elementor-widget-container\">\n\t\t\t\t\t\t\t\t\t\t\t\t<div class=\"wd-blog-element \">\n\t\t\t\t\t\t\t\t\t\t\t\n\t\t\t\t\t<div class=\"wd-posts wd-blog-holder wd-grid-g\" id=\"69d6248e370c4\" data-paged=\"1\" data-atts=\"{&quot;post_type&quot;:&quot;post&quot;,&quot;items_per_page&quot;:6,&quot;include&quot;:null,&quot;taxonomies&quot;:[&quot;172&quot;],&quot;offset&quot;:&quot;&quot;,&quot;orderby&quot;:&quot;date&quot;,&quot;order&quot;:&quot;DESC&quot;,&quot;meta_key&quot;:null,&quot;exclude&quot;:&quot;&quot;,&quot;element_title&quot;:&quot;&quot;,&quot;element_title_tag&quot;:&quot;h4&quot;,&quot;parts_media&quot;:true,&quot;parts_title&quot;:&quot;1&quot;,&quot;parts_meta&quot;:&quot;&quot;,&quot;parts_text&quot;:&quot;1&quot;,&quot;parts_btn&quot;:&quot;1&quot;,&quot;parts_published_date&quot;:&quot;1&quot;,&quot;img_size&quot;:&quot;large&quot;,&quot;blog_design&quot;:&quot;default&quot;,&quot;blog_carousel_design&quot;:null,&quot;blog_masonry&quot;:null,&quot;blog_columns&quot;:null,&quot;blog_columns_tablet&quot;:{&quot;size&quot;:&quot;&quot;},&quot;blog_columns_mobile&quot;:{&quot;size&quot;:&quot;&quot;},&quot;blog_spacing&quot;:null,&quot;blog_spacing_tablet&quot;:&quot;&quot;,&quot;blog_spacing_mobile&quot;:&quot;&quot;,&quot;pagination&quot;:&quot;&quot;,&quot;speed&quot;:null,&quot;slides_per_view&quot;:null,&quot;slides_per_view_tablet&quot;:{&quot;size&quot;:&quot;&quot;},&quot;slides_per_view_mobile&quot;:{&quot;size&quot;:&quot;&quot;},&quot;wrap&quot;:null,&quot;autoplay&quot;:null,&quot;hide_pagination_control&quot;:null,&quot;hide_prev_next_buttons&quot;:null,&quot;scroll_per_page&quot;:null,&quot;lazy_loading&quot;:&quot;no&quot;,&quot;scroll_carousel_init&quot;:null,&quot;ajax_page&quot;:&quot;&quot;,&quot;custom_sizes&quot;:false,&quot;elementor&quot;:true}\" data-source=\"shortcode\">\n\t\t\t\n\t\t\t\t\t\t\t\t\t\t\t\t\t\t\n<article id=\"post-40146\" class=\"wd-post blog-design-default blog-post-loop blog-style-flat wd-col post-40146 post type-post status-publish format-standard has-post-thumbnail hentry category-news\">\n\t<div class=\"wd-post-inner article-inner\">\n\t\t\t\t\t<div class=\"wd-post-thumb entry-header\">\n\t\t\t\t\t\t\t\t\t<div class=\"wd-post-img post-img-wrapp\">\n\t\t\t\t\t\t<img loading=\"lazy\" decoding=\"async\" width=\"1200\" height=\"745\" src=\"https:\/\/lemoulindupivert.fr\/wp-content\/uploads\/2025\/05\/01-119.png\" class=\"attachment-large size-large\" alt=\"\" srcset=\"https:\/\/lemoulindupivert.fr\/wp-content\/uploads\/2025\/05\/01-119.png 1200w, https:\/\/lemoulindupivert.fr\/wp-content\/uploads\/2025\/05\/01-119-430x267.png 430w, https:\/\/lemoulindupivert.fr\/wp-content\/uploads\/2025\/05\/01-119-150x93.png 150w, https:\/\/lemoulindupivert.fr\/wp-content\/uploads\/2025\/05\/01-119-700x435.png 700w, https:\/\/lemoulindupivert.fr\/wp-content\/uploads\/2025\/05\/01-119-400x248.png 400w, https:\/\/lemoulindupivert.fr\/wp-content\/uploads\/2025\/05\/01-119-768x477.png 768w\" sizes=\"auto, (max-width: 1200px) 100vw, 1200px\" \/>\t\t\t\t\t<\/div>\n\t\t\t\t\t\t\t\t\t\t<a class=\"wd-fill\" tabindex=\"-1\" href=\"https:\/\/lemoulindupivert.fr\/en\/the-ptiwi-small-but-perfectly-formed-2\/\" aria-label=\"Link on post The P\u2019tiwi &#8211; small but perfectly formed\"><\/a>\n\t\t\t\t\n\t\t\t\t\t\t\t\t\t\t\t\t<div class=\"wd-post-date wd-style-with-bg\">\n\t\t\t\t<span class=\"post-date-day\">\n\t\t\t\t\t05\t\t\t\t<\/span>\n\t\t\t\t<span class=\"post-date-month\">\n\t\t\t\t\tMay\t\t\t\t<\/span>\n\t\t\t<\/div>\n\t\t\t\t\t\t\t\t\t<\/div>\n\t\t\n\t\t<div class=\"wd-post-content article-body-container\">\n\t\t\t\n\t\t\t\t\t\t\t<h3 class=\"wd-post-title wd-entities-title title post-title\">\n\t\t\t\t\t<a href=\"https:\/\/lemoulindupivert.fr\/en\/the-ptiwi-small-but-perfectly-formed-2\/\" rel=\"bookmark\">The P\u2019tiwi &#8211; small but perfectly formed<\/a>\n\t\t\t\t<\/h3>\n\t\t\t\n\t\t\t\n\t\t\t\t\t\t\t\t\t\t\t\t<div class=\"wd-post-excerpt entry-content\">\n\t\t\t\t\t\tDo you love trying out the latest thing? Discover our Apple-Apricot squares in the P\u2019tiwi range.Irr\u00e9sistibles avec leur confiture pomme...\t\t\t\t\t<\/div>\n\t\t\t\t\n\t\t\t\t\t\t\t\t\t\t\t\t\t\t<div class=\"wd-post-read-more wd-style-link read-more-section\">\n\t\t\t\t\t\t<a class=\"\" href=\"https:\/\/lemoulindupivert.fr\/en\/the-ptiwi-small-but-perfectly-formed-2\/\">Continue reading<\/a>\t\t\t\t\t<\/div>\n\t\t\t\t\t\t\t\t\t\t\t\t\t<\/div>\n\t<\/div>\n<\/article>\n\n\t\t\t\t\t\t\t\t\t\t\t\t\t\t\n<article id=\"post-39028\" class=\"wd-post blog-design-default blog-post-loop blog-style-flat wd-col post-39028 post type-post status-publish format-standard has-post-thumbnail hentry category-news\">\n\t<div class=\"wd-post-inner article-inner\">\n\t\t\t\t\t<div class=\"wd-post-thumb entry-header\">\n\t\t\t\t\t\t\t\t\t<div class=\"wd-post-img post-img-wrapp\">\n\t\t\t\t\t\t<img loading=\"lazy\" decoding=\"async\" width=\"1200\" height=\"742\" src=\"https:\/\/lemoulindupivert.fr\/wp-content\/uploads\/2023\/10\/Sucre-francais-bio-de-bettearave-biscuiterie-artisanale-bio-Le-Moulin-du-Pivert.jpg\" class=\"attachment-large size-large\" alt=\"\" srcset=\"https:\/\/lemoulindupivert.fr\/wp-content\/uploads\/2023\/10\/Sucre-francais-bio-de-bettearave-biscuiterie-artisanale-bio-Le-Moulin-du-Pivert.jpg 1200w, https:\/\/lemoulindupivert.fr\/wp-content\/uploads\/2023\/10\/Sucre-francais-bio-de-bettearave-biscuiterie-artisanale-bio-Le-Moulin-du-Pivert-430x266.jpg 430w, https:\/\/lemoulindupivert.fr\/wp-content\/uploads\/2023\/10\/Sucre-francais-bio-de-bettearave-biscuiterie-artisanale-bio-Le-Moulin-du-Pivert-150x93.jpg 150w, https:\/\/lemoulindupivert.fr\/wp-content\/uploads\/2023\/10\/Sucre-francais-bio-de-bettearave-biscuiterie-artisanale-bio-Le-Moulin-du-Pivert-700x433.jpg 700w, https:\/\/lemoulindupivert.fr\/wp-content\/uploads\/2023\/10\/Sucre-francais-bio-de-bettearave-biscuiterie-artisanale-bio-Le-Moulin-du-Pivert-400x247.jpg 400w, https:\/\/lemoulindupivert.fr\/wp-content\/uploads\/2023\/10\/Sucre-francais-bio-de-bettearave-biscuiterie-artisanale-bio-Le-Moulin-du-Pivert-768x475.jpg 768w, https:\/\/lemoulindupivert.fr\/wp-content\/uploads\/2023\/10\/Sucre-francais-bio-de-bettearave-biscuiterie-artisanale-bio-Le-Moulin-du-Pivert-860x532.jpg 860w\" sizes=\"auto, (max-width: 1200px) 100vw, 1200px\" \/>\t\t\t\t\t<\/div>\n\t\t\t\t\t\t\t\t\t\t<a class=\"wd-fill\" tabindex=\"-1\" href=\"https:\/\/lemoulindupivert.fr\/en\/moulin-du-pivert-sugar-becomes-french\/\" aria-label=\"Link on post Moulin du Pivert sugar becomes French!\"><\/a>\n\t\t\t\t\n\t\t\t\t\t\t\t\t\t\t\t\t<div class=\"wd-post-date wd-style-with-bg\">\n\t\t\t\t<span class=\"post-date-day\">\n\t\t\t\t\t09\t\t\t\t<\/span>\n\t\t\t\t<span class=\"post-date-month\">\n\t\t\t\t\tOct\t\t\t\t<\/span>\n\t\t\t<\/div>\n\t\t\t\t\t\t\t\t\t<\/div>\n\t\t\n\t\t<div class=\"wd-post-content article-body-container\">\n\t\t\t\n\t\t\t\t\t\t\t<h3 class=\"wd-post-title wd-entities-title title post-title\">\n\t\t\t\t\t<a href=\"https:\/\/lemoulindupivert.fr\/en\/moulin-du-pivert-sugar-becomes-french\/\" rel=\"bookmark\">Moulin du Pivert sugar becomes French!<\/a>\n\t\t\t\t<\/h3>\n\t\t\t\n\t\t\t\n\t\t\t\t\t\t\t\t\t\t\t\t<div class=\"wd-post-excerpt entry-content\">\n\t\t\t\t\t\tOur products are now made with organic, French beet sugar!The Moulin du Pivert has been making biscuits with unrefined, organic cane su...\t\t\t\t\t<\/div>\n\t\t\t\t\n\t\t\t\t\t\t\t\t\t\t\t\t\t\t<div class=\"wd-post-read-more wd-style-link read-more-section\">\n\t\t\t\t\t\t<a class=\"\" href=\"https:\/\/lemoulindupivert.fr\/en\/moulin-du-pivert-sugar-becomes-french\/\">Continue reading<\/a>\t\t\t\t\t<\/div>\n\t\t\t\t\t\t\t\t\t\t\t\t\t<\/div>\n\t<\/div>\n<\/article>\n\n\t\t\t\t\t\t\t\t\t\t\t\t\t\t\n<article id=\"post-39409\" class=\"wd-post blog-design-default blog-post-loop blog-style-flat wd-col post-39409 post type-post status-publish format-standard has-post-thumbnail hentry category-news\">\n\t<div class=\"wd-post-inner article-inner\">\n\t\t\t\t\t<div class=\"wd-post-thumb entry-header\">\n\t\t\t\t\t\t\t\t\t<div class=\"wd-post-img post-img-wrapp\">\n\t\t\t\t\t\t<img loading=\"lazy\" decoding=\"async\" width=\"1200\" height=\"742\" src=\"https:\/\/lemoulindupivert.fr\/wp-content\/uploads\/2023\/10\/Nouveautes-biscuits-Ptiwi-biscuiterie-artisanale-bio-Le-Moulin-du-Pivert.jpg\" class=\"attachment-large size-large\" alt=\"\" srcset=\"https:\/\/lemoulindupivert.fr\/wp-content\/uploads\/2023\/10\/Nouveautes-biscuits-Ptiwi-biscuiterie-artisanale-bio-Le-Moulin-du-Pivert.jpg 1200w, https:\/\/lemoulindupivert.fr\/wp-content\/uploads\/2023\/10\/Nouveautes-biscuits-Ptiwi-biscuiterie-artisanale-bio-Le-Moulin-du-Pivert-430x266.jpg 430w, https:\/\/lemoulindupivert.fr\/wp-content\/uploads\/2023\/10\/Nouveautes-biscuits-Ptiwi-biscuiterie-artisanale-bio-Le-Moulin-du-Pivert-150x93.jpg 150w, https:\/\/lemoulindupivert.fr\/wp-content\/uploads\/2023\/10\/Nouveautes-biscuits-Ptiwi-biscuiterie-artisanale-bio-Le-Moulin-du-Pivert-700x433.jpg 700w, https:\/\/lemoulindupivert.fr\/wp-content\/uploads\/2023\/10\/Nouveautes-biscuits-Ptiwi-biscuiterie-artisanale-bio-Le-Moulin-du-Pivert-400x247.jpg 400w, https:\/\/lemoulindupivert.fr\/wp-content\/uploads\/2023\/10\/Nouveautes-biscuits-Ptiwi-biscuiterie-artisanale-bio-Le-Moulin-du-Pivert-768x475.jpg 768w, https:\/\/lemoulindupivert.fr\/wp-content\/uploads\/2023\/10\/Nouveautes-biscuits-Ptiwi-biscuiterie-artisanale-bio-Le-Moulin-du-Pivert-860x532.jpg 860w\" sizes=\"auto, (max-width: 1200px) 100vw, 1200px\" \/>\t\t\t\t\t<\/div>\n\t\t\t\t\t\t\t\t\t\t<a class=\"wd-fill\" tabindex=\"-1\" href=\"https:\/\/lemoulindupivert.fr\/en\/discover-our-biscuits-in-bags-and-reduce-your-carbon-footprint\/\" aria-label=\"Link on post Discover our biscuits in bags and reduce your carbon footprint\"><\/a>\n\t\t\t\t\n\t\t\t\t\t\t\t\t\t\t\t\t<div class=\"wd-post-date wd-style-with-bg\">\n\t\t\t\t<span class=\"post-date-day\">\n\t\t\t\t\t09\t\t\t\t<\/span>\n\t\t\t\t<span class=\"post-date-month\">\n\t\t\t\t\tOct\t\t\t\t<\/span>\n\t\t\t<\/div>\n\t\t\t\t\t\t\t\t\t<\/div>\n\t\t\n\t\t<div class=\"wd-post-content article-body-container\">\n\t\t\t\n\t\t\t\t\t\t\t<h3 class=\"wd-post-title wd-entities-title title post-title\">\n\t\t\t\t\t<a href=\"https:\/\/lemoulindupivert.fr\/en\/discover-our-biscuits-in-bags-and-reduce-your-carbon-footprint\/\" rel=\"bookmark\">Discover our biscuits in bags and reduce your carbon footprint<\/a>\n\t\t\t\t<\/h3>\n\t\t\t\n\t\t\t\n\t\t\t\t\t\t\t\t\t\t\t\t<div class=\"wd-post-excerpt entry-content\">\n\t\t\t\t\t\tHave you seen them in store? A wide variety of our organic biscuits are available to buy in flexible bags. This new format does away wi...\t\t\t\t\t<\/div>\n\t\t\t\t\n\t\t\t\t\t\t\t\t\t\t\t\t\t\t<div class=\"wd-post-read-more wd-style-link read-more-section\">\n\t\t\t\t\t\t<a class=\"\" href=\"https:\/\/lemoulindupivert.fr\/en\/discover-our-biscuits-in-bags-and-reduce-your-carbon-footprint\/\">Continue reading<\/a>\t\t\t\t\t<\/div>\n\t\t\t\t\t\t\t\t\t\t\t\t\t<\/div>\n\t<\/div>\n<\/article>\n\n\t\t\t\t\t\t\t\t\t\t\t\t\t\t\n<article id=\"post-39396\" class=\"wd-post blog-design-default blog-post-loop blog-style-flat wd-col post-39396 post type-post status-publish format-standard has-post-thumbnail hentry category-news\">\n\t<div class=\"wd-post-inner article-inner\">\n\t\t\t\t\t<div class=\"wd-post-thumb entry-header\">\n\t\t\t\t\t\t\t\t\t<div class=\"wd-post-img post-img-wrapp\">\n\t\t\t\t\t\t<img loading=\"lazy\" decoding=\"async\" width=\"1200\" height=\"742\" src=\"https:\/\/lemoulindupivert.fr\/wp-content\/uploads\/2023\/10\/Ptiwi-abricot-biscuits-bio-biscuiterie-artisanale-bio-Le-Moulin-du-Pivert.jpg\" class=\"attachment-large size-large\" alt=\"\" srcset=\"https:\/\/lemoulindupivert.fr\/wp-content\/uploads\/2023\/10\/Ptiwi-abricot-biscuits-bio-biscuiterie-artisanale-bio-Le-Moulin-du-Pivert.jpg 1200w, https:\/\/lemoulindupivert.fr\/wp-content\/uploads\/2023\/10\/Ptiwi-abricot-biscuits-bio-biscuiterie-artisanale-bio-Le-Moulin-du-Pivert-430x266.jpg 430w, https:\/\/lemoulindupivert.fr\/wp-content\/uploads\/2023\/10\/Ptiwi-abricot-biscuits-bio-biscuiterie-artisanale-bio-Le-Moulin-du-Pivert-150x93.jpg 150w, https:\/\/lemoulindupivert.fr\/wp-content\/uploads\/2023\/10\/Ptiwi-abricot-biscuits-bio-biscuiterie-artisanale-bio-Le-Moulin-du-Pivert-700x433.jpg 700w, https:\/\/lemoulindupivert.fr\/wp-content\/uploads\/2023\/10\/Ptiwi-abricot-biscuits-bio-biscuiterie-artisanale-bio-Le-Moulin-du-Pivert-400x247.jpg 400w, https:\/\/lemoulindupivert.fr\/wp-content\/uploads\/2023\/10\/Ptiwi-abricot-biscuits-bio-biscuiterie-artisanale-bio-Le-Moulin-du-Pivert-768x475.jpg 768w, https:\/\/lemoulindupivert.fr\/wp-content\/uploads\/2023\/10\/Ptiwi-abricot-biscuits-bio-biscuiterie-artisanale-bio-Le-Moulin-du-Pivert-860x532.jpg 860w\" sizes=\"auto, (max-width: 1200px) 100vw, 1200px\" \/>\t\t\t\t\t<\/div>\n\t\t\t\t\t\t\t\t\t\t<a class=\"wd-fill\" tabindex=\"-1\" href=\"https:\/\/lemoulindupivert.fr\/en\/the-ptiwi-small-but-perfectly-formed\/\" aria-label=\"Link on post The P\u2019tiwi &#8211; small but perfectly formed\"><\/a>\n\t\t\t\t\n\t\t\t\t\t\t\t\t\t\t\t\t<div class=\"wd-post-date wd-style-with-bg\">\n\t\t\t\t<span class=\"post-date-day\">\n\t\t\t\t\t09\t\t\t\t<\/span>\n\t\t\t\t<span class=\"post-date-month\">\n\t\t\t\t\tOct\t\t\t\t<\/span>\n\t\t\t<\/div>\n\t\t\t\t\t\t\t\t\t<\/div>\n\t\t\n\t\t<div class=\"wd-post-content article-body-container\">\n\t\t\t\n\t\t\t\t\t\t\t<h3 class=\"wd-post-title wd-entities-title title post-title\">\n\t\t\t\t\t<a href=\"https:\/\/lemoulindupivert.fr\/en\/the-ptiwi-small-but-perfectly-formed\/\" rel=\"bookmark\">The P\u2019tiwi &#8211; small but perfectly formed<\/a>\n\t\t\t\t<\/h3>\n\t\t\t\n\t\t\t\n\t\t\t\t\t\t\t\t\t\t\t\t<div class=\"wd-post-excerpt entry-content\">\n\t\t\t\t\t\tDo you love trying out the latest thing? Discover our Apple-Apricot squares in the P\u2019tiwi range.Irr\u00e9sistibles avec leur confiture pomme...\t\t\t\t\t<\/div>\n\t\t\t\t\n\t\t\t\t\t\t\t\t\t\t\t\t\t\t<div class=\"wd-post-read-more wd-style-link read-more-section\">\n\t\t\t\t\t\t<a class=\"\" href=\"https:\/\/lemoulindupivert.fr\/en\/the-ptiwi-small-but-perfectly-formed\/\">Continue reading<\/a>\t\t\t\t\t<\/div>\n\t\t\t\t\t\t\t\t\t\t\t\t\t<\/div>\n\t<\/div>\n<\/article>\n\n\t\t\t\t\n\t\t\t\t\t\t\t\t<\/div>\n\t\t\t\n\t\t\t\t\t\t\t\t\t\t<\/div>\n\t\t\t\t\t\t\t\t\t\t<\/div>\n\t\t\t\t<\/div>\n\t\t\t\t\t<\/div>\n\t\t<\/div>\n\t\t\t\t\t<\/div>\n\t\t<\/section>\n\t\t\t\t<\/div>\n\t\t","protected":false},"excerpt":{"rendered":"<p>09 Oct Le sucre du Moulin du Pivert devient fran\u00e7ais ! Nos produits sont maintenant confectionn\u00e9s \u00e0 partir de sucre<\/p>\n","protected":false},"author":1,"featured_media":0,"parent":0,"menu_order":0,"comment_status":"closed","ping_status":"closed","template":"","meta":{"footnotes":""},"class_list":["post-39398","page","type-page","status-publish","hentry"],"yoast_head":"<!-- This site is optimized with the Yoast SEO plugin v27.3 - https:\/\/yoast.com\/product\/yoast-seo-wordpress\/ -->\n<title>Gourmet news and organic biscuits in Aveyron (12)<\/title>\n<meta name=\"description\" content=\"Discover new organic biscuit recipes in Aveyron, useful information about organic food and follow the gourmet adventure of Moulin du Pivert!\" \/>\n<meta name=\"robots\" content=\"index, follow, max-snippet:-1, max-image-preview:large, max-video-preview:-1\" \/>\n<link rel=\"canonical\" href=\"https:\/\/lemoulindupivert.fr\/en\/news\/\" \/>\n<meta property=\"og:locale\" content=\"en_US\" \/>\n<meta property=\"og:type\" content=\"article\" \/>\n<meta property=\"og:title\" content=\"Gourmet news and organic biscuits in Aveyron (12)\" \/>\n<meta property=\"og:description\" content=\"Discover new organic biscuit recipes in Aveyron, useful information about organic food and follow the gourmet adventure of Moulin du Pivert!\" \/>\n<meta property=\"og:url\" content=\"https:\/\/lemoulindupivert.fr\/en\/news\/\" \/>\n<meta property=\"og:site_name\" content=\"Le Moulin du Pivert\" \/>\n<meta property=\"article:publisher\" content=\"https:\/\/www.facebook.com\/le.moulin.du.pivert\" \/>\n<meta property=\"article:modified_time\" content=\"2024-05-06T13:28:10+00:00\" \/>\n<meta property=\"og:image\" content=\"https:\/\/lemoulindupivert.fr\/wp-content\/uploads\/2023\/10\/Sucre-francais-bio-de-bettearave-biscuiterie-artisanale-bio-Le-Moulin-du-Pivert.jpg\" \/>\n<meta name=\"twitter:card\" content=\"summary_large_image\" \/>\n<meta name=\"twitter:label1\" content=\"Est. reading time\" \/>\n\t<meta name=\"twitter:data1\" content=\"2 minutes\" \/>\n<script type=\"application\/ld+json\" class=\"yoast-schema-graph\">{\"@context\":\"https:\\\/\\\/schema.org\",\"@graph\":[{\"@type\":\"WebPage\",\"@id\":\"https:\\\/\\\/lemoulindupivert.fr\\\/en\\\/news\\\/\",\"url\":\"https:\\\/\\\/lemoulindupivert.fr\\\/en\\\/news\\\/\",\"name\":\"Gourmet news and organic biscuits in Aveyron (12)\",\"isPartOf\":{\"@id\":\"https:\\\/\\\/lemoulindupivert.fr\\\/en\\\/#website\"},\"primaryImageOfPage\":{\"@id\":\"https:\\\/\\\/lemoulindupivert.fr\\\/en\\\/news\\\/#primaryimage\"},\"image\":{\"@id\":\"https:\\\/\\\/lemoulindupivert.fr\\\/en\\\/news\\\/#primaryimage\"},\"thumbnailUrl\":\"https:\\\/\\\/lemoulindupivert.fr\\\/wp-content\\\/uploads\\\/2023\\\/10\\\/Sucre-francais-bio-de-bettearave-biscuiterie-artisanale-bio-Le-Moulin-du-Pivert.jpg\",\"datePublished\":\"2023-10-05T13:48:21+00:00\",\"dateModified\":\"2024-05-06T13:28:10+00:00\",\"description\":\"Discover new organic biscuit recipes in Aveyron, useful information about organic food and follow the gourmet adventure of Moulin du Pivert!\",\"breadcrumb\":{\"@id\":\"https:\\\/\\\/lemoulindupivert.fr\\\/en\\\/news\\\/#breadcrumb\"},\"inLanguage\":\"en-US\",\"potentialAction\":[{\"@type\":\"ReadAction\",\"target\":[\"https:\\\/\\\/lemoulindupivert.fr\\\/en\\\/news\\\/\"]}]},{\"@type\":\"ImageObject\",\"inLanguage\":\"en-US\",\"@id\":\"https:\\\/\\\/lemoulindupivert.fr\\\/en\\\/news\\\/#primaryimage\",\"url\":\"https:\\\/\\\/lemoulindupivert.fr\\\/wp-content\\\/uploads\\\/2023\\\/10\\\/Sucre-francais-bio-de-bettearave-biscuiterie-artisanale-bio-Le-Moulin-du-Pivert.jpg\",\"contentUrl\":\"https:\\\/\\\/lemoulindupivert.fr\\\/wp-content\\\/uploads\\\/2023\\\/10\\\/Sucre-francais-bio-de-bettearave-biscuiterie-artisanale-bio-Le-Moulin-du-Pivert.jpg\"},{\"@type\":\"BreadcrumbList\",\"@id\":\"https:\\\/\\\/lemoulindupivert.fr\\\/en\\\/news\\\/#breadcrumb\",\"itemListElement\":[{\"@type\":\"ListItem\",\"position\":1,\"name\":\"Accueil\",\"item\":\"https:\\\/\\\/lemoulindupivert.fr\\\/en\\\/\"},{\"@type\":\"ListItem\",\"position\":2,\"name\":\"News\"}]},{\"@type\":\"WebSite\",\"@id\":\"https:\\\/\\\/lemoulindupivert.fr\\\/en\\\/#website\",\"url\":\"https:\\\/\\\/lemoulindupivert.fr\\\/en\\\/\",\"name\":\"Le Moulin du Pivert\",\"description\":\"\",\"publisher\":{\"@id\":\"https:\\\/\\\/lemoulindupivert.fr\\\/en\\\/#organization\"},\"potentialAction\":[{\"@type\":\"SearchAction\",\"target\":{\"@type\":\"EntryPoint\",\"urlTemplate\":\"https:\\\/\\\/lemoulindupivert.fr\\\/en\\\/?s={search_term_string}\"},\"query-input\":{\"@type\":\"PropertyValueSpecification\",\"valueRequired\":true,\"valueName\":\"search_term_string\"}}],\"inLanguage\":\"en-US\"},{\"@type\":\"Organization\",\"@id\":\"https:\\\/\\\/lemoulindupivert.fr\\\/en\\\/#organization\",\"name\":\"Le Moulin du Pivert\",\"url\":\"https:\\\/\\\/lemoulindupivert.fr\\\/en\\\/\",\"logo\":{\"@type\":\"ImageObject\",\"inLanguage\":\"en-US\",\"@id\":\"https:\\\/\\\/lemoulindupivert.fr\\\/en\\\/#\\\/schema\\\/logo\\\/image\\\/\",\"url\":\"https:\\\/\\\/lemoulindupivert.fr\\\/wp-content\\\/uploads\\\/2023\\\/06\\\/LOGO-Page-Accueil-3.jpg\",\"contentUrl\":\"https:\\\/\\\/lemoulindupivert.fr\\\/wp-content\\\/uploads\\\/2023\\\/06\\\/LOGO-Page-Accueil-3.jpg\",\"width\":150,\"height\":130,\"caption\":\"Le Moulin du Pivert\"},\"image\":{\"@id\":\"https:\\\/\\\/lemoulindupivert.fr\\\/en\\\/#\\\/schema\\\/logo\\\/image\\\/\"},\"sameAs\":[\"https:\\\/\\\/www.facebook.com\\\/le.moulin.du.pivert\",\"https:\\\/\\\/www.instagram.com\\\/lemoulindupivert\\\/\"]}]}<\/script>\n<!-- \/ Yoast SEO plugin. -->","yoast_head_json":{"title":"Gourmet news and organic biscuits in Aveyron (12)","description":"Discover new organic biscuit recipes in Aveyron, useful information about organic food and follow the gourmet adventure of Moulin du Pivert!","robots":{"index":"index","follow":"follow","max-snippet":"max-snippet:-1","max-image-preview":"max-image-preview:large","max-video-preview":"max-video-preview:-1"},"canonical":"https:\/\/lemoulindupivert.fr\/en\/news\/","og_locale":"en_US","og_type":"article","og_title":"Gourmet news and organic biscuits in Aveyron (12)","og_description":"Discover new organic biscuit recipes in Aveyron, useful information about organic food and follow the gourmet adventure of Moulin du Pivert!","og_url":"https:\/\/lemoulindupivert.fr\/en\/news\/","og_site_name":"Le Moulin du Pivert","article_publisher":"https:\/\/www.facebook.com\/le.moulin.du.pivert","article_modified_time":"2024-05-06T13:28:10+00:00","og_image":[{"url":"https:\/\/lemoulindupivert.fr\/wp-content\/uploads\/2023\/10\/Sucre-francais-bio-de-bettearave-biscuiterie-artisanale-bio-Le-Moulin-du-Pivert.jpg","type":"","width":"","height":""}],"twitter_card":"summary_large_image","twitter_misc":{"Est. reading time":"2 minutes"},"schema":{"@context":"https:\/\/schema.org","@graph":[{"@type":"WebPage","@id":"https:\/\/lemoulindupivert.fr\/en\/news\/","url":"https:\/\/lemoulindupivert.fr\/en\/news\/","name":"Gourmet news and organic biscuits in Aveyron (12)","isPartOf":{"@id":"https:\/\/lemoulindupivert.fr\/en\/#website"},"primaryImageOfPage":{"@id":"https:\/\/lemoulindupivert.fr\/en\/news\/#primaryimage"},"image":{"@id":"https:\/\/lemoulindupivert.fr\/en\/news\/#primaryimage"},"thumbnailUrl":"https:\/\/lemoulindupivert.fr\/wp-content\/uploads\/2023\/10\/Sucre-francais-bio-de-bettearave-biscuiterie-artisanale-bio-Le-Moulin-du-Pivert.jpg","datePublished":"2023-10-05T13:48:21+00:00","dateModified":"2024-05-06T13:28:10+00:00","description":"Discover new organic biscuit recipes in Aveyron, useful information about organic food and follow the gourmet adventure of Moulin du Pivert!","breadcrumb":{"@id":"https:\/\/lemoulindupivert.fr\/en\/news\/#breadcrumb"},"inLanguage":"en-US","potentialAction":[{"@type":"ReadAction","target":["https:\/\/lemoulindupivert.fr\/en\/news\/"]}]},{"@type":"ImageObject","inLanguage":"en-US","@id":"https:\/\/lemoulindupivert.fr\/en\/news\/#primaryimage","url":"https:\/\/lemoulindupivert.fr\/wp-content\/uploads\/2023\/10\/Sucre-francais-bio-de-bettearave-biscuiterie-artisanale-bio-Le-Moulin-du-Pivert.jpg","contentUrl":"https:\/\/lemoulindupivert.fr\/wp-content\/uploads\/2023\/10\/Sucre-francais-bio-de-bettearave-biscuiterie-artisanale-bio-Le-Moulin-du-Pivert.jpg"},{"@type":"BreadcrumbList","@id":"https:\/\/lemoulindupivert.fr\/en\/news\/#breadcrumb","itemListElement":[{"@type":"ListItem","position":1,"name":"Accueil","item":"https:\/\/lemoulindupivert.fr\/en\/"},{"@type":"ListItem","position":2,"name":"News"}]},{"@type":"WebSite","@id":"https:\/\/lemoulindupivert.fr\/en\/#website","url":"https:\/\/lemoulindupivert.fr\/en\/","name":"Le Moulin du Pivert","description":"","publisher":{"@id":"https:\/\/lemoulindupivert.fr\/en\/#organization"},"potentialAction":[{"@type":"SearchAction","target":{"@type":"EntryPoint","urlTemplate":"https:\/\/lemoulindupivert.fr\/en\/?s={search_term_string}"},"query-input":{"@type":"PropertyValueSpecification","valueRequired":true,"valueName":"search_term_string"}}],"inLanguage":"en-US"},{"@type":"Organization","@id":"https:\/\/lemoulindupivert.fr\/en\/#organization","name":"Le Moulin du Pivert","url":"https:\/\/lemoulindupivert.fr\/en\/","logo":{"@type":"ImageObject","inLanguage":"en-US","@id":"https:\/\/lemoulindupivert.fr\/en\/#\/schema\/logo\/image\/","url":"https:\/\/lemoulindupivert.fr\/wp-content\/uploads\/2023\/06\/LOGO-Page-Accueil-3.jpg","contentUrl":"https:\/\/lemoulindupivert.fr\/wp-content\/uploads\/2023\/06\/LOGO-Page-Accueil-3.jpg","width":150,"height":130,"caption":"Le Moulin du Pivert"},"image":{"@id":"https:\/\/lemoulindupivert.fr\/en\/#\/schema\/logo\/image\/"},"sameAs":["https:\/\/www.facebook.com\/le.moulin.du.pivert","https:\/\/www.instagram.com\/lemoulindupivert\/"]}]}},"_links":{"self":[{"href":"https:\/\/lemoulindupivert.fr\/en\/wp-json\/wp\/v2\/pages\/39398","targetHints":{"allow":["GET"]}}],"collection":[{"href":"https:\/\/lemoulindupivert.fr\/en\/wp-json\/wp\/v2\/pages"}],"about":[{"href":"https:\/\/lemoulindupivert.fr\/en\/wp-json\/wp\/v2\/types\/page"}],"author":[{"embeddable":true,"href":"https:\/\/lemoulindupivert.fr\/en\/wp-json\/wp\/v2\/users\/1"}],"replies":[{"embeddable":true,"href":"https:\/\/lemoulindupivert.fr\/en\/wp-json\/wp\/v2\/comments?post=39398"}],"version-history":[{"count":0,"href":"https:\/\/lemoulindupivert.fr\/en\/wp-json\/wp\/v2\/pages\/39398\/revisions"}],"wp:attachment":[{"href":"https:\/\/lemoulindupivert.fr\/en\/wp-json\/wp\/v2\/media?parent=39398"}],"curies":[{"name":"wp","href":"https:\/\/api.w.org\/{rel}","templated":true}]}}